{"id":143219,"date":"2026-01-20T21:10:45","date_gmt":"2026-01-20T20:10:45","guid":{"rendered":"https:\/\/interiorposter.com\/product\/obraz-na-plotnie-lisc-kalatei-w-zieleni-i-fiolecie\/"},"modified":"2026-01-20T21:12:34","modified_gmt":"2026-01-20T20:12:34","slug":"obraz-na-plotnie-lisc-kalatei-w-zieleni-i-fiolecie","status":"publish","type":"product","link":"https:\/\/interiorposter.com\/cs\/product\/obraz-na-plotnie-lisc-kalatei-w-zieleni-i-fiolecie\/","title":{"rendered":"Obraz na pl\u00e1tn\u011b list kalatey v zelen\u00e9 a fialov\u00e9"},"content":{"rendered":"<p>Dodejte interi\u00e9ru klid a \u0161petku exotick\u00e9 elegance. Tento obraz na pl\u00e1tn\u011b zobrazuje jedin\u00fd v\u00fdrazn\u00fd list kalatey na sv\u011btl\u00e9m pozad\u00ed, d\u00edky \u010demu\u017e p\u016fsob\u00ed lehce a modern\u011b a z\u00e1rove\u0148 zaujme propracovan\u00fdm detailem. Barevnost je sv\u011b\u017e\u00ed a harmonick\u00e1: syt\u00e1 zelen\u00e1 s jemn\u00fdmi pruhovan\u00fdmi p\u0159echody a hlubok\u00fd fialov\u00fd t\u00f3n na rubov\u00e9 stran\u011b listu. Skv\u011ble se hod\u00ed jako dekorace na ze\u010f do ob\u00fdv\u00e1ku, lo\u017enice i pracovny, a tak\u00e9 do p\u0159eds\u00edn\u011b, hotelu nebo koupelny, kde podtrhne p\u0159\u00edrodn\u00ed charakter prostoru. Ide\u00e1ln\u00ed volba pro minimalistick\u00e9, skandin\u00e1vsk\u00e9 a modern\u00ed interi\u00e9ry.<\/p>\n","protected":false},"excerpt":{"rendered":"<p>Obraz na pl\u00e1tn\u011b s listem kalatey na sv\u011btl\u00e9m pozad\u00ed. Zelen\u00e1 a fialov\u00e1 vytv\u00e1\u0159\u00ed klidn\u00fd, elegantn\u00ed akcent do ob\u00fdv\u00e1ku, lo\u017enice i pracovny.<\/p>\n","protected":false},"featured_media":143216,"comment_status":"open","ping_status":"closed","template":"","meta":[],"product_brand":[],"product_cat":[108,74,86,65,68,138,102,105,83,71,123],"product_tag":[702,274,186],"class_list":{"0":"post-143219","1":"product","2":"type-product","3":"status-publish","4":"has-post-thumbnail","6":"product_cat-fotografie","7":"product_cat-hotel-cs","8":"product_cat-kancelar","9":"product_cat-koupelna","10":"product_cat-loznice","11":"product_cat-makro","12":"product_cat-minimalisticky","13":"product_cat-moderni","14":"product_cat-obyvaci-pokoj","15":"product_cat-predsin","16":"product_cat-rostliny-a-kvetiny","17":"product_tag-horizontalni","18":"product_tag-svetle","19":"product_tag-vicebarevny","21":"first","22":"instock","23":"taxable","24":"shipping-taxable","25":"purchasable","26":"product-type-variable","27":"has-default-attributes"},"aioseo_notices":[],"_links":{"self":[{"href":"https:\/\/interiorposter.com\/cs\/wp-json\/wp\/v2\/product\/143219","targetHints":{"allow":["GET"]}}],"collection":[{"href":"https:\/\/interiorposter.com\/cs\/wp-json\/wp\/v2\/product"}],"about":[{"href":"https:\/\/interiorposter.com\/cs\/wp-json\/wp\/v2\/types\/product"}],"replies":[{"embeddable":true,"href":"https:\/\/interiorposter.com\/cs\/wp-json\/wp\/v2\/comments?post=143219"}],"wp:featuredmedia":[{"embeddable":true,"href":"https:\/\/interiorposter.com\/cs\/wp-json\/wp\/v2\/media\/143216"}],"wp:attachment":[{"href":"https:\/\/interiorposter.com\/cs\/wp-json\/wp\/v2\/media?parent=143219"}],"wp:term":[{"taxonomy":"product_brand","embeddable":true,"href":"https:\/\/interiorposter.com\/cs\/wp-json\/wp\/v2\/product_brand?post=143219"},{"taxonomy":"product_cat","embeddable":true,"href":"https:\/\/interiorposter.com\/cs\/wp-json\/wp\/v2\/product_cat?post=143219"},{"taxonomy":"product_tag","embeddable":true,"href":"https:\/\/interiorposter.com\/cs\/wp-json\/wp\/v2\/product_tag?post=143219"}],"curies":[{"name":"wp","href":"https:\/\/api.w.org\/{rel}","templated":true}]}}