{"id":143172,"date":"2026-01-20T20:45:04","date_gmt":"2026-01-20T19:45:04","guid":{"rendered":"https:\/\/interiorposter.com\/product\/obraz-na-plotnie-tropikalne-owoce-i-zielone-liscie\/"},"modified":"2026-01-20T20:59:07","modified_gmt":"2026-01-20T19:59:07","slug":"obraz-na-plotnie-tropikalne-owoce-i-zielone-liscie","status":"publish","type":"product","link":"https:\/\/interiorposter.com\/cs\/product\/obraz-na-plotnie-tropikalne-owoce-i-zielone-liscie\/","title":{"rendered":"Obraz na pl\u00e1tn\u011b tropick\u00e9 ovoce a zelen\u00e9 listy"},"content":{"rendered":"<p>Vneste do interi\u00e9ru dovolenkovou atmosf\u00e9ru a okam\u017eitou d\u00e1vku sv\u011b\u017eesti. Tato tropick\u00e1 kompozice ovoce a zelen\u00fdch list\u016f na sv\u011btl\u00e9m pozad\u00ed p\u0159it\u00e1hne pozornost a projasn\u00ed prostor. Barvy jsou \u010dist\u00e9 a l\u00e1kav\u00e9: hlubok\u00e1 zelen\u00e1, slune\u010dn\u00ed \u017elut\u00e1, \u0161\u0165avnat\u00e1 oran\u017eov\u00e1 a energick\u00fd \u010derven\u00fd akcent. Obraz na pl\u00e1tn\u011b se skv\u011ble hod\u00ed do modern\u00ed kuchyn\u011b i j\u00eddelny a v ob\u00fdv\u00e1ku dod\u00e1 lehkost a pozitivn\u00ed energii. Vynikne tak\u00e9 v p\u0159eds\u00edni, restauraci nebo hotelu, kde vytvo\u0159\u00ed p\u0159\u00edv\u011btivou atmosf\u00e9ru hned na prvn\u00ed pohled. Dekorace, kter\u00e1 o\u017eiv\u00ed st\u011bnu a zlep\u0161\u00ed n\u00e1ladu ka\u017ed\u00fd den.<\/p>\n","protected":false},"excerpt":{"rendered":"<p>Obraz na pl\u00e1tn\u011b s tropick\u00fdm ovocem a listy. Sv\u011b\u017e\u00ed zelen\u00e1 a \u0161\u0165avnat\u00e9 barvy na sv\u011btl\u00e9m pozad\u00ed, ide\u00e1ln\u00ed do kuchyn\u011b, ob\u00fdv\u00e1ku i restaurace.<\/p>\n","protected":false},"featured_media":143169,"comment_status":"open","ping_status":"closed","template":"","meta":[],"product_brand":[],"product_cat":[108,74,126,80,102,105,83,71,89,123],"product_tag":[702,274,186],"class_list":{"0":"post-143172","1":"product","2":"type-product","3":"status-publish","4":"has-post-thumbnail","6":"product_cat-fotografie","7":"product_cat-hotel-cs","8":"product_cat-jidlo","9":"product_cat-kuchyne","10":"product_cat-minimalisticky","11":"product_cat-moderni","12":"product_cat-obyvaci-pokoj","13":"product_cat-predsin","14":"product_cat-restaurace","15":"product_cat-rostliny-a-kvetiny","16":"product_tag-horizontalni","17":"product_tag-svetle","18":"product_tag-vicebarevny","20":"first","21":"instock","22":"taxable","23":"shipping-taxable","24":"purchasable","25":"product-type-variable","26":"has-default-attributes"},"aioseo_notices":[],"_links":{"self":[{"href":"https:\/\/interiorposter.com\/cs\/wp-json\/wp\/v2\/product\/143172","targetHints":{"allow":["GET"]}}],"collection":[{"href":"https:\/\/interiorposter.com\/cs\/wp-json\/wp\/v2\/product"}],"about":[{"href":"https:\/\/interiorposter.com\/cs\/wp-json\/wp\/v2\/types\/product"}],"replies":[{"embeddable":true,"href":"https:\/\/interiorposter.com\/cs\/wp-json\/wp\/v2\/comments?post=143172"}],"wp:featuredmedia":[{"embeddable":true,"href":"https:\/\/interiorposter.com\/cs\/wp-json\/wp\/v2\/media\/143169"}],"wp:attachment":[{"href":"https:\/\/interiorposter.com\/cs\/wp-json\/wp\/v2\/media?parent=143172"}],"wp:term":[{"taxonomy":"product_brand","embeddable":true,"href":"https:\/\/interiorposter.com\/cs\/wp-json\/wp\/v2\/product_brand?post=143172"},{"taxonomy":"product_cat","embeddable":true,"href":"https:\/\/interiorposter.com\/cs\/wp-json\/wp\/v2\/product_cat?post=143172"},{"taxonomy":"product_tag","embeddable":true,"href":"https:\/\/interiorposter.com\/cs\/wp-json\/wp\/v2\/product_tag?post=143172"}],"curies":[{"name":"wp","href":"https:\/\/api.w.org\/{rel}","templated":true}]}}