{"id":142775,"date":"2026-01-11T01:49:27","date_gmt":"2026-01-11T00:49:27","guid":{"rendered":"https:\/\/interiorposter.com\/product\/kolorowe-warzywa-na-drewnie-swiezy-obraz-na-plotnie\/"},"modified":"2026-01-11T01:58:12","modified_gmt":"2026-01-11T00:58:12","slug":"kolorowe-warzywa-na-drewnie-swiezy-obraz-na-plotnie","status":"publish","type":"product","link":"https:\/\/interiorposter.com\/cs\/product\/kolorowe-warzywa-na-drewnie-swiezy-obraz-na-plotnie\/","title":{"rendered":"Barevna\u0301 zelenina na dr\u030ceve\u030c sve\u030cz\u030ci\u0301 obraz na pla\u0301tne\u030c"},"content":{"rendered":"<p>Tento obraz na pla\u0301tne\u030c je chutna\u0301 mozaika c\u030cerstve\u0301 zeleniny, ktera\u0301 okamz\u030cite\u030c vnese do interie\u0301ru energii a dobrou na\u0301ladu. Na tmave\u0301m dr\u030ceve\u030cne\u0301m pozadi\u0301 je vidi\u0301t bohate\u0301 spektrum barev a struktur: rajc\u030cata, papriky, fazolky, lilky, mrkev, c\u030cesnek, citrony a bylinky. Kompozice pu\u030asobi\u0301 z\u030cive\u030c, ale zarove\u030cn\u030c upravene\u030c, di\u0301ky c\u030cemuz\u030c skve\u030cle vynikne zbl\u00edzka i z ve\u030cts\u030ci\u0301 vzd\u00e1lenosti. Jde o foto obraz na pla\u0301tne\u030c, ktery\u0301 podtrhuje z\u030civotni\u0301 styl zaloz\u030ceny\u0301 na sve\u030cz\u030cesti, kvalite\u030c a kaz\u030cdodenni\u0301 radosti z var\u030ceni\u0301.<\/p>\n<p>Motiv je idea\u0301lni\u0301 jako obraz do kuchyne\u030c a ji\u0301delny, zejme\u0301na v oblasti stolu, kuchyn\u030cske\u0301ho ostr\u016fvku nebo pracovni\u0301 desky, kde vytvor\u030ci\u0301 pr\u030ci\u0301jemne\u0301 pozadi\u0301 pro spolec\u030cne\u0301 ji\u0301dlo. V restauraci, bistu nebo hotelu posi\u0301li\u0301 asociace s pr\u030cirozeny\u0301mi surovinami a sezonni\u0301 nabi\u0301dkou, a v kava\u0301rne\u030c mu\u030az\u030ce by\u0301t vy\u0301razny\u0301m akcentem u mi\u0301sta serv\u00edrov\u00e1n\u00ed. Pokud ma\u0301s\u030c ra\u0301d interie\u0301ry s charakterem, tento obraz do oby\u0301va\u0301ku skve\u030cle funguje v prostoru s kuchyn\u030csky\u0301m koutem, kde pr\u030cida\u0301 barvu i z\u030civot. Hodi\u0301 se take\u0301 do pr\u030cedsine\u030c jako vesele\u0301 pr\u030civi\u0301ta\u0301ni\u0301 nebo do kancel\u00e1r\u030ce spojene\u0301 s gastronomii\u0301, vy\u0301z\u030civou c\u030ci wellness, kde podpor\u030ci\u0301 jasny\u0301 dojem zdravi\u0301 a sve\u030cz\u030cesti.<\/p>\n<p>Barevnost je z\u030civa\u0301 a vyva\u0301z\u030cena\u0301: dominuji\u0301 zelene\u0301 to\u0301ny fazolek a bylin, c\u030cervene\u0301 rajc\u030cat a paprik, oranz\u030ce mrkve a z\u030cluta\u0301 citronu\u030a, doplne\u030cne\u0301 tmavy\u0301mi fialovy\u0301mi odsti\u0301ny lilku a pr\u030cirozeny\u0301mi hne\u030cdy\u0301mi to\u0301ny dr\u030ceva. Tato kombinace se hodi\u0301 do moderni\u0301ho, skandina\u0301vske\u0301ho i minimalisticke\u0301ho stylu a take\u0301 do interie\u0301ru\u030a s rustika\u0301lni\u0301 atmosfe\u0301rou. Obrazy na ste\u030cnu se zeleninou doda\u0301vaji\u0301 prostoru sve\u030cz\u030cest, probouzeji\u0301 chut\u030c a de\u030claji\u0301 z kuchyne\u030c srdce doma. Vyber si velikost podle sve\u0301 ste\u030cny a pr\u030cines do interie\u0301ru barvu, ktera\u0301 inspiruje k var\u030ceni\u0301 a pe\u0301c\u030ci o sebe.<\/p>\n","protected":false},"excerpt":{"rendered":"<p>Chutna\u0301 kompozice c\u030cerstve\u0301 zeleniny na dr\u030ceve\u030cne\u0301m pozadi\u0301. Barevny\u0301 obraz na pla\u0301tne\u030c do kuchyne\u030c, ji\u0301delny, restaurace nebo oby\u0301va\u0301ku s kuchyn\u030csky\u0301m koutem.<\/p>\n","protected":false},"featured_media":142772,"comment_status":"open","ping_status":"closed","template":"","meta":[],"product_brand":[],"product_cat":[108,74,126,80,138,83,71,89,123],"product_tag":[702,186],"class_list":{"0":"post-142775","1":"product","2":"type-product","3":"status-publish","4":"has-post-thumbnail","6":"product_cat-fotografie","7":"product_cat-hotel-cs","8":"product_cat-jidlo","9":"product_cat-kuchyne","10":"product_cat-makro","11":"product_cat-obyvaci-pokoj","12":"product_cat-predsin","13":"product_cat-restaurace","14":"product_cat-rostliny-a-kvetiny","15":"product_tag-horizontalni","16":"product_tag-vicebarevny","18":"first","19":"instock","20":"taxable","21":"shipping-taxable","22":"purchasable","23":"product-type-variable","24":"has-default-attributes"},"aioseo_notices":[],"_links":{"self":[{"href":"https:\/\/interiorposter.com\/cs\/wp-json\/wp\/v2\/product\/142775","targetHints":{"allow":["GET"]}}],"collection":[{"href":"https:\/\/interiorposter.com\/cs\/wp-json\/wp\/v2\/product"}],"about":[{"href":"https:\/\/interiorposter.com\/cs\/wp-json\/wp\/v2\/types\/product"}],"replies":[{"embeddable":true,"href":"https:\/\/interiorposter.com\/cs\/wp-json\/wp\/v2\/comments?post=142775"}],"wp:featuredmedia":[{"embeddable":true,"href":"https:\/\/interiorposter.com\/cs\/wp-json\/wp\/v2\/media\/142772"}],"wp:attachment":[{"href":"https:\/\/interiorposter.com\/cs\/wp-json\/wp\/v2\/media?parent=142775"}],"wp:term":[{"taxonomy":"product_brand","embeddable":true,"href":"https:\/\/interiorposter.com\/cs\/wp-json\/wp\/v2\/product_brand?post=142775"},{"taxonomy":"product_cat","embeddable":true,"href":"https:\/\/interiorposter.com\/cs\/wp-json\/wp\/v2\/product_cat?post=142775"},{"taxonomy":"product_tag","embeddable":true,"href":"https:\/\/interiorposter.com\/cs\/wp-json\/wp\/v2\/product_tag?post=142775"}],"curies":[{"name":"wp","href":"https:\/\/api.w.org\/{rel}","templated":true}]}}