{"id":142105,"date":"2025-12-28T23:29:16","date_gmt":"2025-12-28T22:29:16","guid":{"rendered":"https:\/\/interiorposter.com\/product\/mglisty-las-o-poranku-obraz-na-plotnie-4-czesci\/"},"modified":"2026-02-07T19:59:06","modified_gmt":"2026-02-07T18:59:06","slug":"mglisty-las-o-poranku-obraz-na-plotnie-4-czesci","status":"publish","type":"product","link":"https:\/\/interiorposter.com\/cs\/product\/mglisty-las-o-poranku-obraz-na-plotnie-4-czesci\/","title":{"rendered":"Obraz na pl\u00e1tn\u011b Ml\u017en\u00fd les za r\u00e1na 4 d\u00edly"},"content":{"rendered":"<p>Tento \u010dty\u0159d\u00edln\u00fd obraz na pl\u00e1tn\u011b zachycuje klidn\u00fd horsk\u00fd les, nad kter\u00fdm se vzn\u00e1\u0161\u00ed sv\u011btl\u00e1, jemn\u00e1 mlha. Motiv p\u016fsob\u00ed vzdu\u0161n\u011b a lehce &#8211; b\u00edl\u00e1 a sv\u011btle \u0161ed\u00e9 t\u00f3ny se rozl\u00e9vaj\u00ed nad svahy a tmav\u0161\u00ed siluety strom\u016f se pomalu vyno\u0159uj\u00ed z pozad\u00ed. D\u00edky tomu kompozice p\u016fsob\u00ed lehce, p\u0159itom m\u00e1 jasnou hloubku a vrstvy. Rozd\u011blen\u00ed do \u010dty\u0159 panel\u016f podtrhuje panoramatick\u00fd dojem a dod\u00e1v\u00e1 st\u011bn\u011b modern\u00ed rytmus bez zbyte\u010dn\u00e9 p\u0159epln\u011bnosti.<\/p>\n<p>Barevnost je tlumen\u00e1 a chladn\u00e1: b\u00edl\u00e1 a sv\u011btle \u0161ed\u00e1 mlha je vyv\u00e1\u017een\u00e1 grafitov\u00fdmi t\u00f3ny a zklidn\u011bnou zelen\u00ed lesa. Tento obraz na ze\u010f se hod\u00ed do minimalistick\u00fdch, skandin\u00e1vsk\u00fdch i modern\u00edch interi\u00e9r\u016f a kr\u00e1sn\u011b lad\u00ed tak\u00e9 se d\u0159evem, betonem a neutr\u00e1ln\u00edmi textiliemi. Jako obraz do ob\u00fdv\u00e1ku vynikne nad pohovkou nebo komodou, prostor zklidn\u00ed a opticky uspo\u0159\u00e1d\u00e1. V lo\u017enici vytvo\u0159\u00ed odpo\u010dinkovou atmosf\u00e9ru, v pracovn\u011b podpo\u0159\u00ed soust\u0159ed\u011bn\u00ed a na chodb\u011b zanech\u00e1 elegantn\u00ed, klidn\u00fd prvn\u00ed dojem. Hod\u00ed se tak\u00e9 do hotelu a restaurace, kde m\u00e1 dekorace na ze\u010f vytv\u00e1\u0159et n\u00e1ladu a nedominovat interi\u00e9ru.<\/p>\n<p>Pokud hled\u00e1te obrazy do ob\u00fdv\u00e1ku, kter\u00e9 se snadno kombinuj\u00ed a funguj\u00ed v r\u016fzn\u00fdch stylech, tento obraz na pl\u00e1tn\u011b je bezpe\u010dn\u00e1, p\u0159itom velmi p\u016fsobiv\u00e1 volba. \u010cty\u0159d\u00edln\u00e9 proveden\u00ed vytv\u00e1\u0159\u00ed efekt galerie a pom\u016f\u017ee vyplnit v\u011bt\u0161\u00ed st\u011bnu vyv\u00e1\u017een\u00fdm zp\u016fsobem. Obraz je dostupn\u00fd ve 4 velikostech a ve dvou variant\u00e1ch pl\u00e1tna: Canvas a Canvas Naturalny.<\/p>\n","protected":false},"excerpt":{"rendered":"<p>\u010cty\u0159d\u00edln\u00fd obraz s mlhav\u00fdm lesn\u00edm r\u00e1nem v chladn\u00fdch \u0161ed\u00fdch t\u00f3nech a zeleni. Obraz na pl\u00e1tn\u011b do ob\u00fdv\u00e1ku nebo lo\u017enice &#8211; klid, prostor a hloubka.<\/p>\n","protected":false},"featured_media":142102,"comment_status":"open","ping_status":"closed","template":"","meta":[],"product_brand":[],"product_cat":[108,74,86,135,68,102,83,71,89,111],"product_tag":[180,186,533],"class_list":{"0":"post-142105","1":"product","2":"type-product","3":"status-publish","4":"has-post-thumbnail","6":"product_cat-fotografie","7":"product_cat-hotel-cs","8":"product_cat-kancelar","9":"product_cat-krajiny","10":"product_cat-loznice","11":"product_cat-minimalisticky","12":"product_cat-obyvaci-pokoj","13":"product_cat-predsin","14":"product_cat-restaurace","15":"product_cat-skandinavsky","16":"product_tag-seda","17":"product_tag-vicebarevny","18":"product_tag-vicedilny-obraz","20":"first","21":"instock","22":"taxable","23":"shipping-taxable","24":"purchasable","25":"product-type-variable","26":"has-default-attributes"},"aioseo_notices":[],"_links":{"self":[{"href":"https:\/\/interiorposter.com\/cs\/wp-json\/wp\/v2\/product\/142105","targetHints":{"allow":["GET"]}}],"collection":[{"href":"https:\/\/interiorposter.com\/cs\/wp-json\/wp\/v2\/product"}],"about":[{"href":"https:\/\/interiorposter.com\/cs\/wp-json\/wp\/v2\/types\/product"}],"replies":[{"embeddable":true,"href":"https:\/\/interiorposter.com\/cs\/wp-json\/wp\/v2\/comments?post=142105"}],"wp:featuredmedia":[{"embeddable":true,"href":"https:\/\/interiorposter.com\/cs\/wp-json\/wp\/v2\/media\/142102"}],"wp:attachment":[{"href":"https:\/\/interiorposter.com\/cs\/wp-json\/wp\/v2\/media?parent=142105"}],"wp:term":[{"taxonomy":"product_brand","embeddable":true,"href":"https:\/\/interiorposter.com\/cs\/wp-json\/wp\/v2\/product_brand?post=142105"},{"taxonomy":"product_cat","embeddable":true,"href":"https:\/\/interiorposter.com\/cs\/wp-json\/wp\/v2\/product_cat?post=142105"},{"taxonomy":"product_tag","embeddable":true,"href":"https:\/\/interiorposter.com\/cs\/wp-json\/wp\/v2\/product_tag?post=142105"}],"curies":[{"name":"wp","href":"https:\/\/api.w.org\/{rel}","templated":true}]}}