{"id":141991,"date":"2025-12-28T21:42:16","date_gmt":"2025-12-28T20:42:16","guid":{"rendered":"https:\/\/interiorposter.com\/product\/las-we-mgle-obraz-na-plotnie-4-czesci\/"},"modified":"2026-02-07T20:08:06","modified_gmt":"2026-02-07T19:08:06","slug":"las-we-mgle-obraz-na-plotnie-4-czesci","status":"publish","type":"product","link":"https:\/\/interiorposter.com\/cs\/product\/las-we-mgle-obraz-na-plotnie-4-czesci\/","title":{"rendered":"Obraz na pl\u00e1tn\u011b Les v mlze 4 d\u00edly"},"content":{"rendered":"<p>Tento \u010dty\u0159d\u00edln\u00fd obraz na pl\u00e1tn\u011b zachycuje horsk\u00fd jehli\u010dnat\u00fd les, nad kter\u00fdm se p\u0159evaluje jemn\u00e1 mlha. Motiv p\u016fsob\u00ed klidn\u011b a uspo\u0159\u00e1dan\u011b &#8211; jsou vid\u011bt vrstvy strom\u016f a sv\u011btl\u00e9 p\u00e1sy mlhy zlehka rozmaz\u00e1vaj\u00ed pozad\u00ed, \u010d\u00edm\u017e vytv\u00e1\u0159ej\u00ed hloubku a pocit prostoru. Je to dekorace na ze\u010f, kter\u00e1 uklid\u0148uje a pom\u00e1h\u00e1 interi\u00e9r zti\u0161it, a v\u00edced\u00edln\u00e9 proveden\u00ed dod\u00e1v\u00e1 modern\u00ed rytmus, p\u0159itom z\u016fst\u00e1v\u00e1 vizu\u00e1ln\u011b lehk\u00e9.<\/p>\n<p>Barevnost je chladn\u00e1 a p\u0159irozen\u00e1: b\u00edl\u00e1 a \u0161ed\u00e9 t\u00f3ny mlhy se spojuj\u00ed s hlubokou zelen\u00ed lesa a grafitov\u00fdmi akcenty. Tento obraz na pl\u00e1tn\u011b se hod\u00ed do modern\u00edch, minimalistick\u00fdch i skandin\u00e1vsk\u00fdch interi\u00e9r\u016f a skv\u011ble lad\u00ed tak\u00e9 se d\u0159evem, betonem a neutr\u00e1ln\u00edmi textiliemi. Jako obraz do ob\u00fdv\u00e1ku vynikne nad pohovkou nebo komodou, p\u0159inese klid a opticky uspo\u0159\u00e1d\u00e1 prostor. V lo\u017enici vytvo\u0159\u00ed odpo\u010dinkovou atmosf\u00e9ru, v pracovn\u011b podpo\u0159\u00ed soust\u0159ed\u011bn\u00ed a na chodb\u011b zanech\u00e1 \u010dist\u00fd, klidn\u00fd prvn\u00ed dojem. Motiv mlhy a lesa se hod\u00ed i do hotelu a restaurace, kde m\u00e1 dekorace na ze\u010f vytv\u00e1\u0159et atmosf\u00e9ru bez p\u0159ehlu\u0161en\u00ed prostoru.<\/p>\n<p>Pokud hled\u00e1te obrazy do ob\u00fdv\u00e1ku, kter\u00e9 jsou tlumen\u00e9, elegantn\u00ed a snadno kombinovateln\u00e9, tento obraz na pl\u00e1tn\u011b je velmi univerz\u00e1ln\u00ed volba. \u010cty\u0159d\u00edln\u00e9 proveden\u00ed vytv\u00e1\u0159\u00ed efekt galerie a vypln\u00ed v\u011bt\u0161\u00ed st\u011bnu bez zbyte\u010dn\u00e9ho vizu\u00e1ln\u00edho chaosu. Obraz je dostupn\u00fd ve 4 velikostech a ve dvou variant\u00e1ch pl\u00e1tna: Canvas a Canvas Naturalny.<\/p>\n","protected":false},"excerpt":{"rendered":"<p>\u010cty\u0159d\u00edln\u00fd obraz s mlhav\u00fdm horsk\u00fdm lesem v chladn\u00fdch \u0161ed\u00fdch t\u00f3nech a hlubok\u00e9 zeleni. Obraz na pl\u00e1tn\u011b do ob\u00fdv\u00e1ku nebo lo\u017enice &#8211; klid, minimalismus a hloubka.<\/p>\n","protected":false},"featured_media":141988,"comment_status":"open","ping_status":"closed","template":"","meta":[],"product_brand":[],"product_cat":[108,74,86,135,68,102,83,71,89,111],"product_tag":[180,533],"class_list":{"0":"post-141991","1":"product","2":"type-product","3":"status-publish","4":"has-post-thumbnail","6":"product_cat-fotografie","7":"product_cat-hotel-cs","8":"product_cat-kancelar","9":"product_cat-krajiny","10":"product_cat-loznice","11":"product_cat-minimalisticky","12":"product_cat-obyvaci-pokoj","13":"product_cat-predsin","14":"product_cat-restaurace","15":"product_cat-skandinavsky","16":"product_tag-seda","17":"product_tag-vicedilny-obraz","19":"first","20":"instock","21":"taxable","22":"shipping-taxable","23":"purchasable","24":"product-type-variable","25":"has-default-attributes"},"aioseo_notices":[],"_links":{"self":[{"href":"https:\/\/interiorposter.com\/cs\/wp-json\/wp\/v2\/product\/141991","targetHints":{"allow":["GET"]}}],"collection":[{"href":"https:\/\/interiorposter.com\/cs\/wp-json\/wp\/v2\/product"}],"about":[{"href":"https:\/\/interiorposter.com\/cs\/wp-json\/wp\/v2\/types\/product"}],"replies":[{"embeddable":true,"href":"https:\/\/interiorposter.com\/cs\/wp-json\/wp\/v2\/comments?post=141991"}],"wp:featuredmedia":[{"embeddable":true,"href":"https:\/\/interiorposter.com\/cs\/wp-json\/wp\/v2\/media\/141988"}],"wp:attachment":[{"href":"https:\/\/interiorposter.com\/cs\/wp-json\/wp\/v2\/media?parent=141991"}],"wp:term":[{"taxonomy":"product_brand","embeddable":true,"href":"https:\/\/interiorposter.com\/cs\/wp-json\/wp\/v2\/product_brand?post=141991"},{"taxonomy":"product_cat","embeddable":true,"href":"https:\/\/interiorposter.com\/cs\/wp-json\/wp\/v2\/product_cat?post=141991"},{"taxonomy":"product_tag","embeddable":true,"href":"https:\/\/interiorposter.com\/cs\/wp-json\/wp\/v2\/product_tag?post=141991"}],"curies":[{"name":"wp","href":"https:\/\/api.w.org\/{rel}","templated":true}]}}