{"id":139435,"date":"2025-11-22T00:27:05","date_gmt":"2025-11-21T23:27:05","guid":{"rendered":"https:\/\/interiorposter.com\/product\/kolorowy-obraz-na-plotnie-portrety-kobiet-w-akwareli-idealny-do-salonu\/"},"modified":"2026-02-07T21:04:31","modified_gmt":"2026-02-07T20:04:31","slug":"kolorowy-obraz-na-plotnie-portrety-kobiet-w-akwareli-idealny-do-salonu","status":"publish","type":"product","link":"https:\/\/interiorposter.com\/cs\/product\/kolorowy-obraz-na-plotnie-portrety-kobiet-w-akwareli-idealny-do-salonu\/","title":{"rendered":"Obraz na pl\u00e1tn\u011b Barevn\u00e9 portr\u00e9ty \u017een v akvarelov\u00e9m stylu"},"content":{"rendered":"<p>Tento mimo\u0159\u00e1dn\u011b barevn\u00fd obraz na pl\u00e1tn\u011b zachycuje t\u0159i \u017eensk\u00e9 tv\u00e1\u0159e namalovan\u00e9 v akvarelov\u00e9m stylu. Jemn\u00e9 rysy se prol\u00ednaj\u00ed s v\u00fdrazn\u00fdmi barevn\u00fdmi skvrnami a vytv\u00e1\u0159ej\u00ed modern\u00ed, emocemi nabitou kompozici. Syt\u00e9 odst\u00edny r\u016f\u017eov\u00e9, oran\u017eov\u00e9, zelen\u00e9, modr\u00e9 a fialov\u00e9 se jemn\u011b rozl\u00e9vaj\u00ed po sv\u011btl\u00e9m pozad\u00ed a dod\u00e1vaj\u00ed cel\u00e9mu motivu lehkost a um\u011bleck\u00fd charakter. Je to volba pro ty, kte\u0159\u00ed miluj\u00ed odv\u00e1\u017en\u00e9, modern\u00ed obrazy na ze\u010f a cht\u011bj\u00ed, aby jejich interi\u00e9r vynikal jedine\u010dnou energi\u00ed.<\/p>\n<p>Barevn\u00e1 paleta je sv\u011btl\u00e1, intenzivn\u00ed a velmi dynamick\u00e1 \u2013 p\u0159ipom\u00edn\u00e1 pestrou duhu namalovanou akvarelem. Barvy se do sebe vp\u00edjej\u00ed a vytv\u00e1\u0159ej\u00ed efekt jemn\u00fdch t\u00f3nov\u00fdch p\u0159echod\u016f, zat\u00edmco b\u00edl\u00e9 plochy pozad\u00ed dod\u00e1vaj\u00ed prostoru vzdu\u0161nost. D\u00edky tomu obraz na pl\u00e1tn\u011b kr\u00e1sn\u011b prosv\u011btluje m\u00edstnost a p\u0159itahuje pohled u\u017e ode dve\u0159\u00ed. Takov\u00e1 pastelov\u011b, a p\u0159esto v\u00fdrazn\u011b lad\u011bn\u00e1 kombinace odst\u00edn\u016f je ide\u00e1ln\u00ed do modern\u00edch, skandin\u00e1vsk\u00fdch i glamour interi\u00e9r\u016f, kde se obraz m\u016f\u017ee st\u00e1t hlavn\u00ed grafikou na st\u011bn\u011b a dodat prostoru um\u011bleck\u00fd n\u00e1dech.<\/p>\n<p>Tento obraz do ob\u00fdv\u00e1ku je skv\u011blou volbou nad seda\u010dku, komodu nebo do j\u00eddeln\u00edho koutu, kde o\u017eiv\u00ed prostor a podtrhne osobit\u00fd styl dom\u00e1cnosti. V\u00fdborn\u011b se hod\u00ed tak\u00e9 do lo\u017enice, kam vnese \u017eenskou jemnost, a do dom\u00e1c\u00ed pracovny \u010di kancel\u00e1\u0159e, kde vytvo\u0159\u00ed tv\u016fr\u010d\u00ed, inspirativn\u00ed atmosf\u00e9ru. Je to tak\u00e9 v\u00fdborn\u00fd tip na dekoraci pro kosmetick\u00fd nebo kade\u0159nick\u00fd salon, m\u00f3dn\u00ed butik, hotel \u010di restauraci \u2013 v\u0161ude tam, kde hraj\u00ed d\u016fle\u017eitou roli elegantn\u00ed obrazy do salonu a nejm\u00f3dn\u011bj\u0161\u00ed obrazy na st\u011bnu, kter\u00e9 buduj\u00ed pozitivn\u00ed a kreativn\u00ed dojem.<\/p>\n<p>Barevn\u00e9 portr\u00e9ty \u017een v akvarelov\u00e9m stylu jsou ide\u00e1ln\u00ed volbou pro milovn\u00edky sou\u010dasn\u00e9ho um\u011bn\u00ed, m\u00f3dn\u00edch ilustrac\u00ed a foto obraz\u016f na pl\u00e1tn\u011b s netradi\u010dn\u00ed, um\u011bleckou formou. Obraz na pl\u00e1tn\u011b dostupn\u00fd v r\u016fzn\u00fdch velikostech lze snadno p\u0159izp\u016fsobit jak mal\u00e9mu pokoji, tak prostorn\u00e9mu interi\u00e9ru a vytvo\u0159it tak jednotn\u00fd, v\u00fdrazn\u00fd dekora\u010dn\u00ed prvek. Vyberte si tento kr\u00e1sn\u00fd obraz, pokud hled\u00e1te netypick\u00e9 obrazy do ob\u00fdv\u00e1ku, chcete dodat interi\u00e9ru barvy, lehkost a zd\u016fraznit svou kreativn\u00ed osobnost.<\/p>\n","protected":false},"excerpt":{"rendered":"<p>Barevn\u00fd obraz na pl\u00e1tn\u011b se t\u0159emi \u017eensk\u00fdmi portr\u00e9ty v akvarelov\u00e9m stylu \u2013 modern\u00ed dekorace do ob\u00fdv\u00e1ku, lo\u017enice, kancel\u00e1\u0159e nebo elegantn\u00edho kosmetick\u00e9ho salonu \u010di hotelu.<\/p>\n","protected":false},"featured_media":139432,"comment_status":"open","ping_status":"closed","template":"","meta":[],"product_brand":[],"product_cat":[99,74,289,86,207,303,68,297,105,83,71,89],"product_tag":[702,274,186],"class_list":{"0":"post-139435","1":"product","2":"type-product","3":"status-publish","4":"has-post-thumbnail","6":"product_cat-glamour-cs","7":"product_cat-hotel-cs","8":"product_cat-ilustrace","9":"product_cat-kancelar","10":"product_cat-konceptualni-umeni","11":"product_cat-lide","12":"product_cat-loznice","13":"product_cat-malirsky","14":"product_cat-moderni","15":"product_cat-obyvaci-pokoj","16":"product_cat-predsin","17":"product_cat-restaurace","18":"product_tag-horizontalni","19":"product_tag-svetle","20":"product_tag-vicebarevny","22":"first","23":"instock","24":"taxable","25":"shipping-taxable","26":"purchasable","27":"product-type-variable","28":"has-default-attributes"},"aioseo_notices":[],"_links":{"self":[{"href":"https:\/\/interiorposter.com\/cs\/wp-json\/wp\/v2\/product\/139435","targetHints":{"allow":["GET"]}}],"collection":[{"href":"https:\/\/interiorposter.com\/cs\/wp-json\/wp\/v2\/product"}],"about":[{"href":"https:\/\/interiorposter.com\/cs\/wp-json\/wp\/v2\/types\/product"}],"replies":[{"embeddable":true,"href":"https:\/\/interiorposter.com\/cs\/wp-json\/wp\/v2\/comments?post=139435"}],"wp:featuredmedia":[{"embeddable":true,"href":"https:\/\/interiorposter.com\/cs\/wp-json\/wp\/v2\/media\/139432"}],"wp:attachment":[{"href":"https:\/\/interiorposter.com\/cs\/wp-json\/wp\/v2\/media?parent=139435"}],"wp:term":[{"taxonomy":"product_brand","embeddable":true,"href":"https:\/\/interiorposter.com\/cs\/wp-json\/wp\/v2\/product_brand?post=139435"},{"taxonomy":"product_cat","embeddable":true,"href":"https:\/\/interiorposter.com\/cs\/wp-json\/wp\/v2\/product_cat?post=139435"},{"taxonomy":"product_tag","embeddable":true,"href":"https:\/\/interiorposter.com\/cs\/wp-json\/wp\/v2\/product_tag?post=139435"}],"curies":[{"name":"wp","href":"https:\/\/api.w.org\/{rel}","templated":true}]}}