{"id":139298,"date":"2025-11-21T22:39:03","date_gmt":"2025-11-21T21:39:03","guid":{"rendered":"https:\/\/interiorposter.com\/product\/lesny-obraz-na-plotnie-jelen-w-zimowej-scenerii-elegancka-dekoracja-salonu\/"},"modified":"2025-12-13T00:11:47","modified_gmt":"2025-12-12T23:11:47","slug":"lesny-obraz-na-plotnie-jelen-w-zimowej-scenerii-elegancka-dekoracja-salonu","status":"publish","type":"product","link":"https:\/\/interiorposter.com\/cs\/product\/lesny-obraz-na-plotnie-jelen-w-zimowej-scenerii-elegancka-dekoracja-salonu\/","title":{"rendered":"Jelen v zasn\u011b\u017een\u00e9m lese \u2013 elegantn\u00ed obraz na pl\u00e1tn\u011b"},"content":{"rendered":"<p>Tento n\u00e1ladov\u00fd obraz na pl\u00e1tn\u011b zachycuje jelena stoj\u00edc\u00edho uprost\u0159ed zimn\u00edho lesa. Hust\u00e9, jemn\u011b padaj\u00edc\u00ed sn\u011bhov\u00e9 vlo\u010dky pokr\u00fdvaj\u00ed majest\u00e1tn\u00ed paro\u017e\u00ed a lehce rozost\u0159en\u00e9 pozad\u00ed tvo\u0159\u00ed zasn\u011b\u017een\u00e9 stromy a v\u011btve, kter\u00e9 vytv\u00e1\u0159ej\u00ed pocit ticha a klidu. Pohled zv\u00ed\u0159ete sm\u011b\u0159uj\u00edc\u00ed p\u0159\u00edmo na div\u00e1ka okam\u017eit\u011b p\u0159itahuje pozornost a od t\u00e9to v\u00fdjime\u010dn\u00e9 sc\u00e9ny je t\u011b\u017ek\u00e9 odtrhnout zrak. Je to ide\u00e1ln\u00ed volba pro ka\u017ed\u00e9ho, kdo hled\u00e1 origin\u00e1ln\u00ed obrazy na ze\u010f inspirovan\u00e9 p\u0159\u00edrodou a chce dodat interi\u00e9ru jedine\u010dn\u00fd charakter.<\/p>\n<p>Barevn\u00e1 paleta je v\u00fdrazn\u011b zimn\u00ed a chladn\u00e1 \u2013 p\u0159evl\u00e1d\u00e1 b\u00edl\u00e1 barva sn\u011bhu, \u0161ed\u00e9 t\u00f3ny a jemn\u00e9 odst\u00edny modr\u00e9, kter\u00e9 dopl\u0148uje p\u0159irozen\u00e1 hn\u011b\u010f srsti jelena a nen\u00e1padn\u00e1 zele\u0148 lesa. D\u00edky tomu se tento foto obraz na pl\u00e1tn\u011b skv\u011ble hod\u00ed do sv\u011btl\u00fdch skandin\u00e1vsk\u00fdch interi\u00e9r\u016f, ale tak\u00e9 do \u00fatuln\u00fdch prostor lad\u011bn\u00fdch do b\u00e9\u017eov\u00fdch a hn\u011bd\u00fdch barev. Tlumen\u00e9 barvy zp\u016fsobuj\u00ed, \u017ee dekorace se s ostatn\u00edm za\u0159\u00edzen\u00edm harmonicky propoj\u00ed, podtrhne eleganci m\u00edstnosti a z\u00e1rove\u0148 ji opticky nezat\u00ed\u017e\u00ed.<\/p>\n<p>Tento motiv je skv\u011blou volbou jako obraz do ob\u00fdv\u00e1ku, kde se m\u016f\u017ee st\u00e1t dominantou st\u011bny nad sedac\u00ed soupravou nebo komodou. V\u00fdborn\u011b se hod\u00ed tak\u00e9 do lo\u017enice, kde pom\u00e1h\u00e1 vytv\u00e1\u0159et atmosf\u00e9ru klidu a uvoln\u011bn\u00ed po n\u00e1ro\u010dn\u00e9m dni. Jako obraz na st\u011bnu do kancel\u00e1\u0159e nebo pracovny vnese kousek p\u0159\u00edrody do interi\u00e9ru a pom\u016f\u017ee na chv\u00edli zapomenout na ka\u017edodenn\u00ed povinnosti. Stejn\u011b dob\u0159e se uplatn\u00ed v p\u0159eds\u00edni, hotelov\u00fdch chodb\u00e1ch \u010di v restaurac\u00edch inspirovan\u00fdch horsk\u00fdm nebo lesn\u00edm stylom \u2013 v\u0161ude tam, kde z\u00e1le\u017e\u00ed na p\u0159\u00edjemn\u00e9 atmosf\u00e9\u0159e a elegantn\u00edch obrazech na ze\u010f.<\/p>\n<p>Motiv jelena v zimn\u00ed krajin\u011b je tak\u00e9 skv\u011bl\u00fdm tipem na d\u00e1rek pro milovn\u00edky zv\u00ed\u0159at, p\u0159\u00edrodn\u00ed fotografie a nejm\u00f3dn\u011bj\u0161\u00edch obraz\u016f do ob\u00fdv\u00e1ku. D\u00edky \u0161irok\u00e9 nab\u00eddce velikost\u00ed obrazu na pl\u00e1tn\u011b jej snadno p\u0159izp\u016fsob\u00edte velikosti m\u00edstnosti i sv\u00e9mu vlastn\u00edmu vkusu. Vyberte si tuto v\u00fdjime\u010dnou grafiku na st\u011bnu, aby v\u00e1\u0161 interi\u00e9r z\u00edskal \u0161mrnc, modern\u00ed charakter a klidnou zimn\u00ed n\u00e1ladu po cel\u00fd rok.<\/p>\n","protected":false},"excerpt":{"rendered":"<p>N\u00e1ladov\u00fd obraz na pl\u00e1tn\u011b s jelenem v zimn\u00edm lese \u2013 ide\u00e1ln\u00ed do ob\u00fdv\u00e1ku, lo\u017enice nebo kancel\u00e1\u0159e pro milovn\u00edky p\u0159\u00edrody, elegance a modern\u00edch dekorac\u00ed.<\/p>\n","protected":false},"featured_media":139295,"comment_status":"open","ping_status":"closed","template":"","meta":[],"product_brand":[],"product_cat":[108,74,86,135,68,83,71,89,111,254],"product_tag":[702,186],"class_list":{"0":"post-139298","1":"product","2":"type-product","3":"status-publish","4":"has-post-thumbnail","6":"product_cat-fotografie","7":"product_cat-hotel-cs","8":"product_cat-kancelar","9":"product_cat-krajiny","10":"product_cat-loznice","11":"product_cat-obyvaci-pokoj","12":"product_cat-predsin","13":"product_cat-restaurace","14":"product_cat-skandinavsky","15":"product_cat-zvirata-a-priroda","16":"product_tag-horizontalni","17":"product_tag-vicebarevny","19":"first","20":"instock","21":"taxable","22":"shipping-taxable","23":"purchasable","24":"product-type-variable","25":"has-default-attributes"},"aioseo_notices":[],"_links":{"self":[{"href":"https:\/\/interiorposter.com\/cs\/wp-json\/wp\/v2\/product\/139298","targetHints":{"allow":["GET"]}}],"collection":[{"href":"https:\/\/interiorposter.com\/cs\/wp-json\/wp\/v2\/product"}],"about":[{"href":"https:\/\/interiorposter.com\/cs\/wp-json\/wp\/v2\/types\/product"}],"replies":[{"embeddable":true,"href":"https:\/\/interiorposter.com\/cs\/wp-json\/wp\/v2\/comments?post=139298"}],"wp:featuredmedia":[{"embeddable":true,"href":"https:\/\/interiorposter.com\/cs\/wp-json\/wp\/v2\/media\/139295"}],"wp:attachment":[{"href":"https:\/\/interiorposter.com\/cs\/wp-json\/wp\/v2\/media?parent=139298"}],"wp:term":[{"taxonomy":"product_brand","embeddable":true,"href":"https:\/\/interiorposter.com\/cs\/wp-json\/wp\/v2\/product_brand?post=139298"},{"taxonomy":"product_cat","embeddable":true,"href":"https:\/\/interiorposter.com\/cs\/wp-json\/wp\/v2\/product_cat?post=139298"},{"taxonomy":"product_tag","embeddable":true,"href":"https:\/\/interiorposter.com\/cs\/wp-json\/wp\/v2\/product_tag?post=139298"}],"curies":[{"name":"wp","href":"https:\/\/api.w.org\/{rel}","templated":true}]}}