{"id":139251,"date":"2025-11-21T10:54:12","date_gmt":"2025-11-21T09:54:12","guid":{"rendered":"https:\/\/interiorposter.com\/product\/obraz-na-plotnie-jelen-w-porannej-mgle-elegancka-dekoracja-salonu\/"},"modified":"2026-03-02T00:45:23","modified_gmt":"2026-03-01T23:45:23","slug":"obraz-na-plotnie-jelen-w-porannej-mgle-elegancka-dekoracja-salonu","status":"publish","type":"product","link":"https:\/\/interiorposter.com\/cs\/product\/obraz-na-plotnie-jelen-w-porannej-mgle-elegancka-dekoracja-salonu\/","title":{"rendered":"Obraz na pl\u00e1tn\u011b Jelen na m\u00fdtin\u011b za \u00fasvitu"},"content":{"rendered":"<p>Vneste do interi\u00e9ru klid p\u0159\u00edrody i s\u00edlu divok\u00e9 zv\u011b\u0159e. Tento obraz na pl\u00e1tn\u011b zachycuje hrd\u00e9ho jelena s p\u016fsobiv\u00fdm paro\u017e\u00edm na podzimn\u00ed m\u00fdtin\u011b v jemn\u00e9m rann\u00edm sv\u011btle. Barevnost je tepl\u00e1 a p\u0159\u00edrodn\u00ed: zlat\u00e9 a rezav\u00e9 t\u00f3ny rostlin se prol\u00ednaj\u00ed se zelen\u00ed a hn\u011bd\u00fdmi odst\u00edny srsti, zat\u00edmco lehk\u00e1 mlha v pozad\u00ed dod\u00e1v\u00e1 hloubku a atmosf\u00e9ru. Skv\u011ble se hod\u00ed jako dekorace na st\u011bnu do ob\u00fdvac\u00edho pokoje, lo\u017enice nebo p\u0159eds\u00edn\u011b, uplatn\u00ed se i v kancel\u00e1\u0159i, hotelu \u010di restauraci, kde chcete vytvo\u0159it \u00fatulnou a elegantn\u00ed n\u00e1ladu. Obraz, kter\u00fd p\u0159itahuje pohled a zklid\u0148uje.<\/p>\n","protected":false},"excerpt":{"rendered":"<p>Obraz na pl\u00e1tn\u011b s jelenem na podzimn\u00ed m\u00fdtin\u011b za \u00fasvitu. Tepl\u00e9 barvy, lehk\u00e1 mlha a p\u0159\u00edrodn\u00ed atmosf\u00e9ra do ob\u00fdvac\u00edho pokoje, lo\u017enice i kancel\u00e1\u0159e.<\/p>\n","protected":false},"featured_media":139248,"comment_status":"open","ping_status":"closed","template":"","meta":[],"product_brand":[],"product_cat":[108,74,86,135,68,83,71,89,111,254],"product_tag":[702,186],"class_list":{"0":"post-139251","1":"product","2":"type-product","3":"status-publish","4":"has-post-thumbnail","6":"product_cat-fotografie","7":"product_cat-hotel-cs","8":"product_cat-kancelar","9":"product_cat-krajiny","10":"product_cat-loznice","11":"product_cat-obyvaci-pokoj","12":"product_cat-predsin","13":"product_cat-restaurace","14":"product_cat-skandinavsky","15":"product_cat-zvirata-a-priroda","16":"product_tag-horizontalni","17":"product_tag-vicebarevny","19":"first","20":"instock","21":"taxable","22":"shipping-taxable","23":"purchasable","24":"product-type-variable","25":"has-default-attributes"},"aioseo_notices":[],"_links":{"self":[{"href":"https:\/\/interiorposter.com\/cs\/wp-json\/wp\/v2\/product\/139251","targetHints":{"allow":["GET"]}}],"collection":[{"href":"https:\/\/interiorposter.com\/cs\/wp-json\/wp\/v2\/product"}],"about":[{"href":"https:\/\/interiorposter.com\/cs\/wp-json\/wp\/v2\/types\/product"}],"replies":[{"embeddable":true,"href":"https:\/\/interiorposter.com\/cs\/wp-json\/wp\/v2\/comments?post=139251"}],"wp:featuredmedia":[{"embeddable":true,"href":"https:\/\/interiorposter.com\/cs\/wp-json\/wp\/v2\/media\/139248"}],"wp:attachment":[{"href":"https:\/\/interiorposter.com\/cs\/wp-json\/wp\/v2\/media?parent=139251"}],"wp:term":[{"taxonomy":"product_brand","embeddable":true,"href":"https:\/\/interiorposter.com\/cs\/wp-json\/wp\/v2\/product_brand?post=139251"},{"taxonomy":"product_cat","embeddable":true,"href":"https:\/\/interiorposter.com\/cs\/wp-json\/wp\/v2\/product_cat?post=139251"},{"taxonomy":"product_tag","embeddable":true,"href":"https:\/\/interiorposter.com\/cs\/wp-json\/wp\/v2\/product_tag?post=139251"}],"curies":[{"name":"wp","href":"https:\/\/api.w.org\/{rel}","templated":true}]}}