{"id":139024,"date":"2025-11-18T08:35:03","date_gmt":"2025-11-18T07:35:03","guid":{"rendered":"https:\/\/interiorposter.com\/product\/soczyste-truskawki-obraz-na-plotnie-do-kuchni-jadalni-i-salonu\/"},"modified":"2025-12-13T01:31:36","modified_gmt":"2025-12-13T00:31:36","slug":"soczyste-truskawki-obraz-na-plotnie-do-kuchni-jadalni-i-salonu","status":"publish","type":"product","link":"https:\/\/interiorposter.com\/cs\/product\/soczyste-truskawki-obraz-na-plotnie-do-kuchni-jadalni-i-salonu\/","title":{"rendered":"\u0160\u0165avnat\u00e9 jahody v pytl\u00edku \u2013 obraz na pl\u00e1tn\u011b"},"content":{"rendered":"<p>Lahodn\u00e1 kompozice \u010derstv\u00fdch, \u0161\u0165avnat\u011b \u010derven\u00fdch jahod rozeset\u00fdch po d\u0159ev\u011bn\u00e9 desce okam\u017eit\u011b p\u0159itahuje pozornost a vyvol\u00e1v\u00e1 pozitivn\u00ed emoce. Tento obraz na pl\u00e1tn\u011b skv\u011ble podtrhne interi\u00e9ry, ve kter\u00fdch z\u00e1le\u017e\u00ed na \u00fatuln\u00e9 atmosf\u00e9\u0159e, dom\u00e1c\u00edm teple a radosti ze spole\u010dn\u011b str\u00e1ven\u00e9ho \u010dasu. Intenzivn\u00ed \u010derve\u0148 plod\u016f, zele\u0148 l\u00edstk\u016f a tepl\u00e9, p\u0159\u00edrodn\u00ed odst\u00edny d\u0159eva vytv\u00e1\u0159ej\u00ed harmonickou, \u201echutnou\u201c barevnou kombinaci, kter\u00e1 o\u017eiv\u00ed st\u011bnu a dod\u00e1 energii cel\u00e9 m\u00edstnosti.<\/p>\n<p>Je to v\u00fdborn\u00e1 volba jako obraz do kuchyn\u011b nebo j\u00eddelny \u2013 vn\u00e1\u0161\u00ed do prostoru pocit sv\u011b\u017eesti, p\u0159ipom\u00edn\u00e1 zdrav\u00fd \u017eivotn\u00ed styl a letn\u00ed r\u00e1na. Skv\u011ble se hod\u00ed tak\u00e9 jako obraz na st\u011bnu do ob\u00fdvac\u00edho pokoje, zejm\u00e9na do modern\u00edch, skandin\u00e1vsk\u00fdch nebo minimalistick\u00fdch interi\u00e9r\u016f, kde jeden siln\u00fd barevn\u00fd akcent dok\u00e1\u017ee zm\u011bnit cel\u00fd prostor. M\u016f\u017eete ho um\u00edstit tak\u00e9 do kav\u00e1rny, restaurace nebo hotelov\u00e9 sn\u00edda\u0148ov\u00e9 z\u00f3ny a vytvo\u0159it tak p\u0159\u00edjemn\u00e9, v\u00edtaj\u00edc\u00ed prost\u0159ed\u00ed pro hosty.<\/p>\n<p>Fotografick\u00fd charakter motivu d\u011bl\u00e1 z tohoto obrazu na pl\u00e1tn\u011b ide\u00e1ln\u00ed dopln\u011bk k modern\u00edm obraz\u016fm do ob\u00fdv\u00e1ku a z\u00e1rove\u0148 elegantn\u00ed dekoraci, kter\u00e1 nevyjde z m\u00f3dy. Je to skv\u011bl\u00e1 volba pro ka\u017ed\u00e9ho, kdo hled\u00e1 hezk\u00fd obraz na st\u011bnu, kter\u00fd bude dekorac\u00ed i nen\u00e1padnou vizitkou dom\u00e1c\u00ed kuchyn\u011b pln\u00e9 chut\u00ed. D\u00edky univerz\u00e1ln\u00edmu n\u00e1m\u011btu ho snadno zkombinujete s dal\u0161\u00edmi obrazy na pl\u00e1tn\u011b a vytvo\u0159\u00edte vlastn\u00ed galerii inspirovanou p\u0159\u00edrodou a j\u00eddlem.<\/p>\n","protected":false},"excerpt":{"rendered":"<p>\u0160\u0165avnat\u00e9 \u010derven\u00e9 jahody na d\u0159ev\u011bn\u00e9m podkladu jsou ide\u00e1ln\u00edm obrazem na pl\u00e1tn\u011b do kuchyn\u011b, j\u00eddelny, ob\u00fdvac\u00edho pokoje nebo restaurace a dodaj\u00ed interi\u00e9ru sv\u011b\u017eest, energii a lahodnou dom\u00e1c\u00ed atmosf\u00e9ru.<\/p>\n","protected":false},"featured_media":139021,"comment_status":"open","ping_status":"closed","template":"","meta":[],"product_brand":[],"product_cat":[108,74,126,80,138,83,71,89,123],"product_tag":[702,186],"class_list":{"0":"post-139024","1":"product","2":"type-product","3":"status-publish","4":"has-post-thumbnail","6":"product_cat-fotografie","7":"product_cat-hotel-cs","8":"product_cat-jidlo","9":"product_cat-kuchyne","10":"product_cat-makro","11":"product_cat-obyvaci-pokoj","12":"product_cat-predsin","13":"product_cat-restaurace","14":"product_cat-rostliny-a-kvetiny","15":"product_tag-horizontalni","16":"product_tag-vicebarevny","18":"first","19":"instock","20":"taxable","21":"shipping-taxable","22":"purchasable","23":"product-type-variable","24":"has-default-attributes"},"aioseo_notices":[],"_links":{"self":[{"href":"https:\/\/interiorposter.com\/cs\/wp-json\/wp\/v2\/product\/139024","targetHints":{"allow":["GET"]}}],"collection":[{"href":"https:\/\/interiorposter.com\/cs\/wp-json\/wp\/v2\/product"}],"about":[{"href":"https:\/\/interiorposter.com\/cs\/wp-json\/wp\/v2\/types\/product"}],"replies":[{"embeddable":true,"href":"https:\/\/interiorposter.com\/cs\/wp-json\/wp\/v2\/comments?post=139024"}],"wp:featuredmedia":[{"embeddable":true,"href":"https:\/\/interiorposter.com\/cs\/wp-json\/wp\/v2\/media\/139021"}],"wp:attachment":[{"href":"https:\/\/interiorposter.com\/cs\/wp-json\/wp\/v2\/media?parent=139024"}],"wp:term":[{"taxonomy":"product_brand","embeddable":true,"href":"https:\/\/interiorposter.com\/cs\/wp-json\/wp\/v2\/product_brand?post=139024"},{"taxonomy":"product_cat","embeddable":true,"href":"https:\/\/interiorposter.com\/cs\/wp-json\/wp\/v2\/product_cat?post=139024"},{"taxonomy":"product_tag","embeddable":true,"href":"https:\/\/interiorposter.com\/cs\/wp-json\/wp\/v2\/product_tag?post=139024"}],"curies":[{"name":"wp","href":"https:\/\/api.w.org\/{rel}","templated":true}]}}