{"id":290,"date":"2025-05-12T02:48:50","date_gmt":"2025-05-12T00:48:50","guid":{"rendered":"https:\/\/interiorposter.com\/potvrzeni-o-nakupu-faktura\/"},"modified":"2025-09-23T15:44:00","modified_gmt":"2025-09-23T13:44:00","slug":"potvrzeni-o-nakupu","status":"publish","type":"page","link":"https:\/\/interiorposter.com\/cs\/potvrzeni-o-nakupu\/","title":{"rendered":"Potvrzen\u00ed o n\u00e1kupu"},"content":{"rendered":"<p style=\"font-size: 0.8em;\">\u010cesk\u00fd p\u0159eklad. Origin\u00e1ln\u00ed dokument: <a href=\"https:\/\/interiorposter.com\/pl\/potwierdzenie-zakupu\">https:\/\/interiorposter.com\/pl\/potwierdzenie-zakupu<\/a>.<\/p>\n<p>Po dokon\u010den\u00ed objedn\u00e1vky v obchod\u011b <strong><a href=\"https:\/\/interiorposter.com\">InteriorPoster.com<\/a><\/strong> va\u0161e objedn\u00e1vka projde n\u011bkolika f\u00e1zemi (p\u0159ijet\u00ed platby, v\u00fdroba, odesl\u00e1n\u00ed). Podrobnosti najdete na str\u00e1nce Doba zpracov\u00e1n\u00ed objedn\u00e1vky: <a href=\"https:\/\/interiorposter.com\/cs\/doba-zpracovani-objednavky\">https:\/\/interiorposter.com\/cs\/doba-zpracovani-objednavky<\/a>.<\/p>\n<p>Po dokon\u010den\u00ed f\u00e1ze v\u00fdroby, zabalen\u00ed a p\u0159\u00edprav\u011b k odesl\u00e1n\u00ed objedn\u00e1vky vystav\u00edme elektronickou fakturu (PDF) a po\u0161leme na e-mailovou adresu uvedenou p\u0159i objedn\u00e1n\u00ed odkaz na sta\u017een\u00ed faktury. N\u00ed\u017ee je uk\u00e1zkov\u00fd e-mail s odkazem ke sta\u017een\u00ed faktury:<\/p>\n<p><a href=\"https:\/\/interiorposter.com\/wp-content\/uploads\/2025\/09\/invoice_mail_example-886x1024.png\" data-rel=\"lightbox-image-0\" data-rl_title=\"\" data-rl_caption=\"\" title=\"\"><img loading=\"lazy\" decoding=\"async\" class=\"aligncenter size-large wp-image-63838\" src=\"https:\/\/interiorposter.com\/wp-content\/uploads\/2025\/09\/invoice_mail_example-886x1024.png\" alt=\"Invoice mail example\" width=\"886\" height=\"1024\" srcset=\"https:\/\/interiorposter.com\/wp-content\/uploads\/2025\/09\/invoice_mail_example-886x1024.png 886w, https:\/\/interiorposter.com\/wp-content\/uploads\/2025\/09\/invoice_mail_example-260x300.png 260w, https:\/\/interiorposter.com\/wp-content\/uploads\/2025\/09\/invoice_mail_example-768x888.png 768w, https:\/\/interiorposter.com\/wp-content\/uploads\/2025\/09\/invoice_mail_example-1140x1318.png 1140w, https:\/\/interiorposter.com\/wp-content\/uploads\/2025\/09\/invoice_mail_example-920x1063.png 920w, https:\/\/interiorposter.com\/wp-content\/uploads\/2025\/09\/invoice_mail_example-575x665.png 575w, https:\/\/interiorposter.com\/wp-content\/uploads\/2025\/09\/invoice_mail_example-380x439.png 380w, https:\/\/interiorposter.com\/wp-content\/uploads\/2025\/09\/invoice_mail_example-800x925.png 800w, https:\/\/interiorposter.com\/wp-content\/uploads\/2025\/09\/invoice_mail_example.png 1156w\" sizes=\"auto, (max-width: 886px) 100vw, 886px\" \/><\/a><\/p>\n<p>A zde je uk\u00e1zka elektronick\u00e9 faktury:<\/p>\n<p><a href=\"https:\/\/interiorposter.com\/wp-content\/uploads\/2025\/09\/invoice_example-867x1024.png\" data-rel=\"lightbox-image-1\" data-rl_title=\"\" data-rl_caption=\"\" title=\"\"><img loading=\"lazy\" decoding=\"async\" class=\"aligncenter size-large wp-image-63834\" src=\"https:\/\/interiorposter.com\/wp-content\/uploads\/2025\/09\/invoice_example-867x1024.png\" alt=\"Invoice example\" width=\"867\" height=\"1024\" srcset=\"https:\/\/interiorposter.com\/wp-content\/uploads\/2025\/09\/invoice_example-867x1024.png 867w, https:\/\/interiorposter.com\/wp-content\/uploads\/2025\/09\/invoice_example-254x300.png 254w, https:\/\/interiorposter.com\/wp-content\/uploads\/2025\/09\/invoice_example-768x907.png 768w, https:\/\/interiorposter.com\/wp-content\/uploads\/2025\/09\/invoice_example-920x1087.png 920w, https:\/\/interiorposter.com\/wp-content\/uploads\/2025\/09\/invoice_example-575x679.png 575w, https:\/\/interiorposter.com\/wp-content\/uploads\/2025\/09\/invoice_example-380x449.png 380w, https:\/\/interiorposter.com\/wp-content\/uploads\/2025\/09\/invoice_example-800x945.png 800w, https:\/\/interiorposter.com\/wp-content\/uploads\/2025\/09\/invoice_example.png 1049w\" sizes=\"auto, (max-width: 867px) 100vw, 867px\" \/><\/a><\/p>\n","protected":false},"excerpt":{"rendered":"<p>\u010cesk\u00fd p\u0159eklad. Origin\u00e1ln\u00ed dokument: https:\/\/interiorposter.com\/pl\/potwierdzenie-zakupu. Po dokon\u010den\u00ed objedn\u00e1vky v obchod\u011b InteriorPoster.com va\u0161e objedn\u00e1vka projde n\u011bkolika f\u00e1zemi (p\u0159ijet\u00ed platby, v\u00fdroba, odesl\u00e1n\u00ed). Podrobnosti najdete na str\u00e1nce Doba zpracov\u00e1n\u00ed objedn\u00e1vky: https:\/\/interiorposter.com\/cs\/doba-zpracovani-objednavky. Po dokon\u010den\u00ed [&hellip;]<\/p>\n","protected":false},"author":1,"featured_media":0,"parent":0,"menu_order":0,"comment_status":"closed","ping_status":"closed","template":"","meta":{"footnotes":""},"class_list":["post-290","page","type-page","status-publish","hentry"],"aioseo_notices":[],"_links":{"self":[{"href":"https:\/\/interiorposter.com\/cs\/wp-json\/wp\/v2\/pages\/290","targetHints":{"allow":["GET"]}}],"collection":[{"href":"https:\/\/interiorposter.com\/cs\/wp-json\/wp\/v2\/pages"}],"about":[{"href":"https:\/\/interiorposter.com\/cs\/wp-json\/wp\/v2\/types\/page"}],"author":[{"embeddable":true,"href":"https:\/\/interiorposter.com\/cs\/wp-json\/wp\/v2\/users\/1"}],"replies":[{"embeddable":true,"href":"https:\/\/interiorposter.com\/cs\/wp-json\/wp\/v2\/comments?post=290"}],"version-history":[{"count":0,"href":"https:\/\/interiorposter.com\/cs\/wp-json\/wp\/v2\/pages\/290\/revisions"}],"wp:attachment":[{"href":"https:\/\/interiorposter.com\/cs\/wp-json\/wp\/v2\/media?parent=290"}],"curies":[{"name":"wp","href":"https:\/\/api.w.org\/{rel}","templated":true}]}}