{"id":218,"date":"2025-05-11T21:05:17","date_gmt":"2025-05-11T19:05:17","guid":{"rendered":"https:\/\/interiorposter.com\/formular-pro-vraceni-zbozi\/"},"modified":"2025-08-07T00:49:57","modified_gmt":"2025-08-06T22:49:57","slug":"formular-pro-vraceni-zbozi","status":"publish","type":"page","link":"https:\/\/interiorposter.com\/cs\/formular-pro-vraceni-zbozi\/","title":{"rendered":"Formul\u00e1\u0159 pro vr\u00e1cen\u00ed zbo\u017e\u00ed"},"content":{"rendered":"<p><strong>D\u011bkujeme za n\u00e1kup v na\u0161em obchod\u011b!<\/strong><\/p>\n<p>Pokud si p\u0159ejete vr\u00e1tit zakoupen\u00fd produkt, vypl\u0148te pros\u00edm n\u00e1sleduj\u00edc\u00ed formul\u00e1\u0159. Upozor\u0148ujeme, \u017ee m\u00e1te pr\u00e1vo na vr\u00e1cen\u00ed zbo\u017e\u00ed do 14 dn\u016f od p\u0159evzet\u00ed objedn\u00e1vky bez ud\u00e1n\u00ed d\u016fvodu (budeme v\u0161ak vd\u011b\u010dn\u00ed, pokud n\u00e1m d\u016fvod vr\u00e1cen\u00ed dobrovoln\u011b sd\u011bl\u00edte \u2013 pom\u00e1h\u00e1 n\u00e1m to zlep\u0161ovat na\u0161e produkty a slu\u017eby).<\/p>\n<p><strong>POZOR!<\/strong> Toto je formul\u00e1\u0159 pro vr\u00e1cen\u00ed zbo\u017e\u00ed do 14 dn\u016f od data p\u0159evzet\u00ed objedn\u00e1vky. V p\u0159\u00edpad\u011b reklamace pros\u00edm pou\u017eijte Reklama\u010dn\u00ed formul\u00e1\u0159: <a href=\"https:\/\/interiorposter.com\/cs\/reklamacni-formular\">https:\/\/interiorposter.com\/cs\/reklamacni-formular<\/a>.<\/p>\n<p><strong>Z\u00e1sady vr\u00e1cen\u00ed zbo\u017e\u00ed<\/strong>: <a href=\"https:\/\/interiorposter.com\/cs\/zasady-vraceni-zbozi\">https:\/\/interiorposter.com\/cs\/zasady-vraceni-zbozi<\/a>.<\/p>\n<h3>POKYNY K VR\u00c1CEN\u00cd ZBO\u017d\u00cd:<\/h3>\n<p>1. Zajist\u011bte a zabalte produkt tak, aby mohl b\u00fdt bezpe\u010dn\u011b doru\u010den zp\u011bt do obchodu. Nejl\u00e9pe je pou\u017e\u00edt p\u016fvodn\u00ed obal.<\/p>\n<p>2. Vypl\u0148te a ode\u0161lete n\u00ed\u017ee uveden\u00fd elektronick\u00fd formul\u00e1\u0159.<\/p>\n<p>3. Po potvrzen\u00ed mo\u017enosti p\u0159ijet\u00ed vr\u00e1cen\u00ed pros\u00edm za\u0161lete produkt(y) na vlastn\u00ed n\u00e1klady na n\u00e1sleduj\u00edc\u00ed adresu:<\/p>\n<p><strong>Baltic Computers Sp. z o.o.<\/strong><br \/>\n<strong>Chmielna 2 st., office 31<\/strong><br \/>\n<strong>00-020 Warsaw, Poland<\/strong><\/p>\n<h3>Vypl\u0148te formul\u00e1\u0159 a vy\u010dkejte na odpov\u011b\u010f:<\/h3>\n\n<div class=\"wpcf7 no-js\" id=\"wpcf7-f63612-o1\" lang=\"cs-CZ\" dir=\"ltr\" data-wpcf7-id=\"63612\">\n<div class=\"screen-reader-response\"><p role=\"status\" aria-live=\"polite\" aria-atomic=\"true\"><\/p> <ul><\/ul><\/div>\n<form action=\"\/cs\/wp-json\/wp\/v2\/pages\/218#wpcf7-f63612-o1\" method=\"post\" class=\"wpcf7-form init contact-form\" aria-label=\"Kontaktn\u00ed formul\u00e1\u0159\" novalidate=\"novalidate\" data-status=\"init\">\n<div style=\"display: none;\">\n<input type=\"hidden\" name=\"_wpcf7\" value=\"63612\" \/>\n<input type=\"hidden\" name=\"_wpcf7_version\" value=\"6.0.6\" \/>\n<input type=\"hidden\" name=\"_wpcf7_locale\" value=\"cs_CZ\" \/>\n<input type=\"hidden\" name=\"_wpcf7_unit_tag\" value=\"wpcf7-f63612-o1\" \/>\n<input type=\"hidden\" name=\"_wpcf7_container_post\" value=\"0\" \/>\n<input type=\"hidden\" name=\"_wpcf7_posted_data_hash\" value=\"\" \/>\n<\/div>\n<div class=\"fhsb fw w100\">\n\t<div class=\"dib d49m100\">\n\t\t<p><label for=\"your-first-name\">Jm\u00e9no<\/label><br \/>\n<span class=\"wpcf7-form-control-wrap\" data-name=\"your-first-name\"><input size=\"40\" maxlength=\"400\" class=\"wpcf7-form-control wpcf7-text wpcf7-validates-as-required\" autocomplete=\"name\" aria-required=\"true\" aria-invalid=\"false\" placeholder=\"Zadejte sv\u00e9 jm\u00e9no\" value=\"\" type=\"text\" name=\"your-first-name\" \/><\/span>\n\t\t<\/p>\n\t<\/div>\n\t<div class=\"dib d49m100\">\n\t\t<p><label for=\"your-last-name\">P\u0159\u00edjmen\u00ed<\/label><br \/>\n<span class=\"wpcf7-form-control-wrap\" data-name=\"your-last-name\"><input size=\"40\" maxlength=\"400\" class=\"wpcf7-form-control wpcf7-text wpcf7-validates-as-required\" autocomplete=\"lastname\" aria-required=\"true\" aria-invalid=\"false\" placeholder=\"Zadejte sv\u00e9 p\u0159\u00edjmen\u00ed\" value=\"\" type=\"text\" name=\"your-last-name\" \/><\/span>\n\t\t<\/p>\n\t<\/div>\n<\/div>\n<div class=\"dib w100\">\n\t<p><label for=\"your-email\">E-mailov\u00e1 adresa<\/label><br \/>\n<span class=\"wpcf7-form-control-wrap\" data-name=\"your-email\"><input size=\"40\" maxlength=\"400\" class=\"wpcf7-form-control wpcf7-email wpcf7-validates-as-required wpcf7-text wpcf7-validates-as-email\" autocomplete=\"email\" aria-required=\"true\" aria-invalid=\"false\" placeholder=\"Zadejte svou e-mailovou adresu\" value=\"\" type=\"email\" name=\"your-email\" \/><\/span>\n\t<\/p>\n<\/div>\n<div class=\"dib w100\">\n\t<p><label for=\"order-number\">\u010c\u00edslo objedn\u00e1vky<\/label><br \/>\n<span class=\"wpcf7-form-control-wrap\" data-name=\"order-number\"><input size=\"40\" maxlength=\"400\" class=\"wpcf7-form-control wpcf7-text wpcf7-validates-as-required\" aria-required=\"true\" aria-invalid=\"false\" placeholder=\"Zadejte p\u0159esn\u00e9 \u010d\u00edslo objedn\u00e1vky\" value=\"\" type=\"text\" name=\"order-number\" \/><\/span>\n\t<\/p>\n<\/div>\n<div class=\"dib w100\">\n\t<fieldset class=\"radio-group-box mb20 mt15\">\n\t\t<p><label for=\"radio-return-mode\">\u00dapln\u00e9 nebo \u010d\u00e1ste\u010dn\u00e9 vr\u00e1cen\u00ed<\/label><br \/>\n<span class=\"wpcf7-form-control-wrap\" data-name=\"radio-return-mode\"><span class=\"wpcf7-form-control wpcf7-radio\"><span class=\"wpcf7-list-item first\"><input type=\"radio\" name=\"radio-return-mode\" value=\"Vrac\u00edm v\u0161echny produkty z objedn\u00e1vky\" \/><span class=\"wpcf7-list-item-label\">Vrac\u00edm v\u0161echny produkty z objedn\u00e1vky<\/span><\/span><span class=\"wpcf7-list-item last\"><input type=\"radio\" name=\"radio-return-mode\" value=\"Vrac\u00edm pouze \u010d\u00e1st produkt\u016f\" \/><span class=\"wpcf7-list-item-label\">Vrac\u00edm pouze \u010d\u00e1st produkt\u016f<\/span><\/span><\/span><\/span>\n\t\t<\/p>\n\t<\/fieldset>\n<\/div>\n<div class=\"dib w100\">\n\t<p><label for=\"products-list\">Seznam vracen\u00fdch produkt\u016f<\/label><br \/>\n<span class=\"wpcf7-form-control-wrap\" data-name=\"products-list\"><textarea cols=\"40\" rows=\"10\" maxlength=\"2000\" class=\"wpcf7-form-control wpcf7-textarea wpcf7-validates-as-required\" aria-required=\"true\" aria-invalid=\"false\" placeholder=\"Uve\u010fte zde seznam produkt\u016f, kter\u00e9 chcete vr\u00e1tit\" name=\"products-list\"><\/textarea><\/span>\n\t<\/p>\n<\/div>\n<div class=\"dib w100\">\n\t<p><label for=\"select-reason-for-return\">D\u016fvod vr\u00e1cen\u00ed (nen\u00ed povinn\u00e9, ale budeme r\u00e1di)<\/label><br \/>\n<span class=\"wpcf7-form-control-wrap\" data-name=\"select-reason-for-return\"><select class=\"wpcf7-form-control wpcf7-select wpcf7-validates-as-required\" aria-required=\"true\" aria-invalid=\"false\" name=\"select-reason-for-return\"><option value=\"\"><\/option><option value=\"Barvy neodpov\u00eddaj\u00ed\">Barvy neodpov\u00eddaj\u00ed<\/option><option value=\"Nespr\u00e1vn\u00e1 velikost\">Nespr\u00e1vn\u00e1 velikost<\/option><option value=\"Nehod\u00ed se do m\u00e9ho prostoru\">Nehod\u00ed se do m\u00e9ho prostoru<\/option><option value=\"Produkt vypad\u00e1 jinak ne\u017e na obr\u00e1zku v popisu\">Produkt vypad\u00e1 jinak ne\u017e na obr\u00e1zku v popisu<\/option><option value=\"N\u00edzk\u00e1 kvalita\">N\u00edzk\u00e1 kvalita<\/option><option value=\"Produkt neodpov\u00edd\u00e1 popisu\">Produkt neodpov\u00edd\u00e1 popisu<\/option><option value=\"Nechci uv\u00e1d\u011bt d\u016fvod\">Nechci uv\u00e1d\u011bt d\u016fvod<\/option><\/select><\/span>\n\t<\/p>\n<\/div>\n<div class=\"dib w100\">\n\t<p><label for=\"your-message\">Dopl\u0148uj\u00edc\u00ed zpr\u00e1va (voliteln\u00e9)<\/label><br \/>\n<span class=\"wpcf7-form-control-wrap\" data-name=\"your-message\"><textarea cols=\"40\" rows=\"10\" maxlength=\"2000\" class=\"wpcf7-form-control wpcf7-textarea\" aria-invalid=\"false\" name=\"your-message\"><\/textarea><\/span>\n\t<\/p>\n<\/div>\n<div class=\"dib w100 mb20\">\n\t<p><span class=\"wpcf7-form-control-wrap kc_captcha\" data-name=\"kc_captcha\"><span class=\"wpcf7-form-control wpcf7-radio\"><span class=\"captcha-image\" ><span class=\"cf7ic_instructions\">To \u017ee jste \u010dlov\u011bk proka\u017ete v\u00fdb\u011brem ikony<span> n\u00e1kladn\u00ed automobil<\/span>.<\/span><label><input aria-label=\"1\" type=\"radio\" name=\"kc_captcha\" value=\"bot\" \/><svg aria-hidden=\"true\" role=\"img\" xmlns=\"http:\/\/www.w3.org\/2000\/svg\" viewBox=\"0 0 512 512\"><path fill=\"currentColor\" d=\"M350 99c-54 0-98-35-166-35-25 0-47 4-68 12a56 56 0 004-24C118 24 95 1 66 0a56 56 0 00-34 102v386c0 13 11 24 24 24h16c13 0 24-11 24-24v-94c28-12 64-23 114-23 54 0 98 35 166 35 48 0 86-16 122-41 9-6 14-15 14-26V96c0-23-24-39-45-29-35 16-77 32-117 32z\"\/><\/svg><\/label><label><input aria-label=\"2\" type=\"radio\" name=\"kc_captcha\" value=\"kc_human\" \/><svg aria-hidden=\"true\" role=\"img\" xmlns=\"http:\/\/www.w3.org\/2000\/svg\" viewBox=\"0 0 640 512\"><path fill=\"currentColor\" d=\"M624 352h-16V244c0-13-5-25-14-34L494 110c-9-9-21-14-34-14h-44V48c0-26-21-48-48-48H48C22 0 0 22 0 48v320c0 27 22 48 48 48h16a96 96 0 00192 0h128a96 96 0 00192 0h48c9 0 16-7 16-16v-32c0-9-7-16-16-16zM160 464a48 48 0 110-96 48 48 0 010 96zm320 0a48 48 0 110-96 48 48 0 010 96zm80-208H416V144h44l100 100v12z\"\/><\/svg><\/label><label><input aria-label=\"3\" type=\"radio\" name=\"kc_captcha\" value=\"bot\" \/><svg aria-hidden=\"true\" role=\"img\" xmlns=\"http:\/\/www.w3.org\/2000\/svg\" viewBox=\"0 0 576 512\"><path fill=\"currentColor\" d=\"M472 200H360L256 6a12 12 0 00-10-6h-58c-8 0-14 7-12 15l34 185H100l-35-58a12 12 0 00-10-6H12c-8 0-13 7-12 14l21 106L0 362c-1 7 4 14 12 14h43c4 0 8-2 10-6l35-58h110l-34 185c-2 8 4 15 12 15h58a12 12 0 0010-6l104-194h112c57 0 104-25 104-56s-47-56-104-56z\"\/><\/svg><\/label>\r\n    <\/span>\r\n    <span style=\"display:none\">\r\n        <input type=\"text\" name=\"kc_honeypot\">\r\n    <\/span><\/span><\/span>\n\t<\/p>\n<\/div>\n<div class=\"dib w100 mb20\">\n\t<p><span class=\"wpcf7-form-control-wrap\" data-name=\"acceptance-return-declaration\"><span class=\"wpcf7-form-control wpcf7-acceptance\"><span class=\"wpcf7-list-item\"><label><input type=\"checkbox\" name=\"acceptance-return-declaration\" value=\"1\" aria-invalid=\"false\" \/><span class=\"wpcf7-list-item-label\">Odesl\u00e1n\u00edm tohoto formul\u00e1\u0159e prohla\u0161uji, \u017ee odstupuji od kupn\u00ed smlouvy do 14 dn\u016f od obdr\u017een\u00ed objedn\u00e1vky a zavazuji se na vlastn\u00ed n\u00e1klady zaslat nepo\u0161kozen\u00e9 a nepou\u017eit\u00e9 produkty na uvedenou adresu a podle uveden\u00fdch pokyn\u016f.<\/span><\/label><\/span><\/span><\/span>\n\t<\/p>\n<\/div>\n<div class=\"dib w100 mb20\">\n\t<p><span class=\"wpcf7-form-control-wrap\" data-name=\"acceptance-term-policy\"><span class=\"wpcf7-form-control wpcf7-acceptance\"><span class=\"wpcf7-list-item\"><label><input type=\"checkbox\" name=\"acceptance-term-policy\" value=\"1\" aria-invalid=\"false\" \/><span class=\"wpcf7-list-item-label\">Souhlas\u00edm se zpracov\u00e1n\u00edm sv\u00fdch osobn\u00edch \u00fadaj\u016f podle <span class=\"contact-terms\"><a href=\"https:\/\/interiorposter.com\/cs\/zasady-ochrany-osobnich-udaju\" target=\"_blank\">Z\u00e1sad ochrany osobn\u00edch \u00fadaj\u016f<\/a><\/span>.<\/span><\/label><\/span><\/span><\/span>\n\t<\/p>\n<\/div>\n<div class=\"dib w100 mb20\">\n\t<p><span class=\"wpcf7-form-control-wrap\" data-name=\"acceptance-term-generaly\"><span class=\"wpcf7-form-control wpcf7-acceptance\"><span class=\"wpcf7-list-item\"><label><input type=\"checkbox\" name=\"acceptance-term-generaly\" value=\"1\" aria-invalid=\"false\" \/><span class=\"wpcf7-list-item-label\">Prohla\u0161uji, \u017ee jsem si p\u0159e\u010detl(a) a souhlas\u00edm s <span class=\"contact-terms\"><a href=\"https:\/\/interiorposter.com\/cs\/obchodni-podminky\" target=\"_blank\">Obchodn\u00edmi podm\u00ednkami<\/a><\/span>.<\/span><\/label><\/span><\/span><\/span>\n\t<\/p>\n<\/div>\n<div class=\"dib w100\">\n\t<p><input class=\"wpcf7-form-control wpcf7-submit has-spinner\" type=\"submit\" value=\"Odeslat\" \/>\n\t<\/p>\n<\/div><div class=\"wpcf7-response-output\" aria-hidden=\"true\"><\/div>\n<\/form>\n<\/div>\n\n","protected":false},"excerpt":{"rendered":"<p>D\u011bkujeme za n\u00e1kup v na\u0161em obchod\u011b! Pokud si p\u0159ejete vr\u00e1tit zakoupen\u00fd produkt, vypl\u0148te pros\u00edm n\u00e1sleduj\u00edc\u00ed formul\u00e1\u0159. Upozor\u0148ujeme, \u017ee m\u00e1te pr\u00e1vo na vr\u00e1cen\u00ed zbo\u017e\u00ed do 14 dn\u016f od p\u0159evzet\u00ed objedn\u00e1vky bez [&hellip;]<\/p>\n","protected":false},"author":1,"featured_media":0,"parent":0,"menu_order":0,"comment_status":"closed","ping_status":"closed","template":"","meta":{"footnotes":""},"class_list":["post-218","page","type-page","status-publish","hentry"],"aioseo_notices":[],"_links":{"self":[{"href":"https:\/\/interiorposter.com\/cs\/wp-json\/wp\/v2\/pages\/218","targetHints":{"allow":["GET"]}}],"collection":[{"href":"https:\/\/interiorposter.com\/cs\/wp-json\/wp\/v2\/pages"}],"about":[{"href":"https:\/\/interiorposter.com\/cs\/wp-json\/wp\/v2\/types\/page"}],"author":[{"embeddable":true,"href":"https:\/\/interiorposter.com\/cs\/wp-json\/wp\/v2\/users\/1"}],"replies":[{"embeddable":true,"href":"https:\/\/interiorposter.com\/cs\/wp-json\/wp\/v2\/comments?post=218"}],"version-history":[{"count":0,"href":"https:\/\/interiorposter.com\/cs\/wp-json\/wp\/v2\/pages\/218\/revisions"}],"wp:attachment":[{"href":"https:\/\/interiorposter.com\/cs\/wp-json\/wp\/v2\/media?parent=218"}],"curies":[{"name":"wp","href":"https:\/\/api.w.org\/{rel}","templated":true}]}}