{"id":187,"date":"2025-05-11T20:41:05","date_gmt":"2025-05-11T18:41:05","guid":{"rendered":"https:\/\/interiorposter.com\/doba-zpracovani-objednavky\/"},"modified":"2025-07-21T01:17:59","modified_gmt":"2025-07-20T23:17:59","slug":"doba-zpracovani-objednavky","status":"publish","type":"page","link":"https:\/\/interiorposter.com\/cs\/doba-zpracovani-objednavky\/","title":{"rendered":"Doba zpracov\u00e1n\u00ed objedn\u00e1vky"},"content":{"rendered":"<p>Doba zpracov\u00e1n\u00ed objedn\u00e1vky v obchod\u011b s obrazy <strong>InteriorPoster.com<\/strong> obvykle trv\u00e1 <strong>5 a\u017e 10 pracovn\u00edch dn\u016f<\/strong>. V\u011bt\u0161inu produkt\u016f vyr\u00e1b\u00edme individu\u00e1ln\u011b na z\u00e1klad\u011b konkr\u00e9tn\u00ed objedn\u00e1vky. Doba doru\u010den\u00ed v r\u00e1mci Polska obvykle trv\u00e1 4 a\u017e 7 pracovn\u00edch dn\u016f. Upozor\u0148ujeme, \u017ee objedn\u00e1vky odes\u00edl\u00e1me z Polska, tak\u017ee doru\u010den\u00ed do zahrani\u010d\u00ed m\u016f\u017ee trvat o n\u011bco d\u00e9le. Celkov\u00e1 doba realizace v\u0161ak obvykle nep\u0159esahuje 10 pracovn\u00edch dn\u016f.<\/p>\n<p>Takto prob\u00edh\u00e1 vy\u0159\u00edzen\u00ed objedn\u00e1vky v na\u0161em obchod\u011b:<\/p>\n<p><a href=\"https:\/\/interiorposter.com\/wp-content\/uploads\/2025\/06\/order_steps_cz_02.jpg\" data-rel=\"lightbox-image-0\" data-rl_title=\"\" data-rl_caption=\"\" title=\"\"><img loading=\"lazy\" decoding=\"async\" class=\"aligncenter size-full wp-image-1142\" src=\"https:\/\/interiorposter.com\/wp-content\/uploads\/2025\/06\/order_steps_cz_02.jpg\" alt=\"Doba zpracov\u00e1n\u00ed objedn\u00e1vky\" width=\"830\" height=\"310\" srcset=\"https:\/\/interiorposter.com\/wp-content\/uploads\/2025\/06\/order_steps_cz_02.jpg 830w, https:\/\/interiorposter.com\/wp-content\/uploads\/2025\/06\/order_steps_cz_02-300x112.jpg 300w, https:\/\/interiorposter.com\/wp-content\/uploads\/2025\/06\/order_steps_cz_02-768x287.jpg 768w, https:\/\/interiorposter.com\/wp-content\/uploads\/2025\/06\/order_steps_cz_02-575x215.jpg 575w, https:\/\/interiorposter.com\/wp-content\/uploads\/2025\/06\/order_steps_cz_02-380x142.jpg 380w, https:\/\/interiorposter.com\/wp-content\/uploads\/2025\/06\/order_steps_cz_02-800x299.jpg 800w\" sizes=\"auto, (max-width: 830px) 100vw, 830px\" \/><\/a><\/p>\n","protected":false},"excerpt":{"rendered":"<p>Doba zpracov\u00e1n\u00ed objedn\u00e1vky v obchod\u011b s obrazy InteriorPoster.com obvykle trv\u00e1 5 a\u017e 10 pracovn\u00edch dn\u016f. V\u011bt\u0161inu produkt\u016f vyr\u00e1b\u00edme individu\u00e1ln\u011b na z\u00e1klad\u011b konkr\u00e9tn\u00ed objedn\u00e1vky. Doba doru\u010den\u00ed v r\u00e1mci Polska obvykle trv\u00e1 [&hellip;]<\/p>\n","protected":false},"author":1,"featured_media":0,"parent":0,"menu_order":0,"comment_status":"closed","ping_status":"closed","template":"","meta":{"footnotes":""},"class_list":["post-187","page","type-page","status-publish","hentry"],"aioseo_notices":[],"_links":{"self":[{"href":"https:\/\/interiorposter.com\/cs\/wp-json\/wp\/v2\/pages\/187","targetHints":{"allow":["GET"]}}],"collection":[{"href":"https:\/\/interiorposter.com\/cs\/wp-json\/wp\/v2\/pages"}],"about":[{"href":"https:\/\/interiorposter.com\/cs\/wp-json\/wp\/v2\/types\/page"}],"author":[{"embeddable":true,"href":"https:\/\/interiorposter.com\/cs\/wp-json\/wp\/v2\/users\/1"}],"replies":[{"embeddable":true,"href":"https:\/\/interiorposter.com\/cs\/wp-json\/wp\/v2\/comments?post=187"}],"version-history":[{"count":0,"href":"https:\/\/interiorposter.com\/cs\/wp-json\/wp\/v2\/pages\/187\/revisions"}],"wp:attachment":[{"href":"https:\/\/interiorposter.com\/cs\/wp-json\/wp\/v2\/media?parent=187"}],"curies":[{"name":"wp","href":"https:\/\/api.w.org\/{rel}","templated":true}]}}