{"id":179,"date":"2025-05-11T20:32:32","date_gmt":"2025-05-11T18:32:32","guid":{"rendered":"https:\/\/interiorposter.com\/kvalita-obrazu\/"},"modified":"2025-07-21T01:47:29","modified_gmt":"2025-07-20T23:47:29","slug":"kvalita-obrazu","status":"publish","type":"page","link":"https:\/\/interiorposter.com\/cs\/kvalita-obrazu\/","title":{"rendered":"Kvalita obraz\u016f a plak\u00e1t\u016f"},"content":{"rendered":"<p>Obrazy a plak\u00e1ty dostupn\u00e9 v internetov\u00e9m obchod\u011b <strong>InteriorPoster.com<\/strong> jsou vyr\u00e1b\u011bny v Polsku (Evropsk\u00e1 unie). Pro tisk pou\u017e\u00edv\u00e1me certifikovan\u00e9 inkousty HP s n\u00edzk\u00fdmi emisemi chemik\u00e1li\u00ed, d\u00edky \u010demu\u017e jsou na\u0161e produkty bezpe\u010dn\u00e9 pro zdrav\u00ed i \u017eivotn\u00ed prost\u0159ed\u00ed.<\/p>\n<h2>Obrazy<\/h2>\n<p>Pro na\u0161e obrazy na ze\u010f pou\u017e\u00edv\u00e1me p\u0159\u00edrodn\u00ed pl\u00e1tno (bavlna nebo sm\u011bs lnu a bavlny) nebo syntetick\u00e9 pl\u00e1tno (polyester).<\/p>\n<p>Syntetick\u00e9 pl\u00e1tno (b\u011b\u017en\u011b naz\u00fdvan\u00e9 Canvas) je materi\u00e1l s vysokou gram\u00e1\u017e\u00ed 260 g\/m\u00b2, povrch materi\u00e1lu je b\u00edl\u00fd a m\u00e1 textiln\u00ed strukturu. P\u0159\u00edrodn\u00ed pl\u00e1tno, tedy pl\u00e1tno p\u0159\u00edrodn\u00edho p\u016fvodu, je tak\u00e9 materi\u00e1l o gram\u00e1\u017ei 260 g\/m\u00b2, speci\u00e1ln\u011b p\u0159ipraven\u00fd pro tisk. Spojen\u00ed struktury materi\u00e1lu s fotografickou kvalitou latexov\u00e9ho tisku vytv\u00e1\u0159\u00ed jedine\u010dn\u00e9 dekorace do ka\u017ed\u00e9ho interi\u00e9ru. Po tisku a vyst\u0159i\u017een\u00ed je pl\u00e1tno napnut\u00e9 na r\u00e1m z prav\u00e9ho borov\u00e9ho d\u0159eva. Takto p\u0159ipraven\u00fd produkt <strong>je p\u0159ipraven k zav\u011b\u0161en\u00ed na ze\u010f<\/strong>. K obrazu tak\u00e9 p\u0159ikl\u00e1d\u00e1me dva h\u0159eb\u00edkov\u00e9 z\u00e1v\u011bsy, kter\u00e9 m\u016f\u017eete voliteln\u011b pou\u017e\u00edt (v\u00edce v <a href=\"https:\/\/interiorposter.com\/cs\/jak-povesit-obraz-na-zed\">N\u00e1vodu k mont\u00e1\u017ei<\/a>).<\/p>\n<p><a href=\"https:\/\/interiorposter.com\/wp-content\/uploads\/2025\/06\/natural_or_synthetic_001_cz.png\" data-rel=\"lightbox-image-0\" data-rl_title=\"\" data-rl_caption=\"\" title=\"\"><img loading=\"lazy\" decoding=\"async\" class=\"aligncenter size-full wp-image-1085\" src=\"https:\/\/interiorposter.com\/wp-content\/uploads\/2025\/06\/natural_or_synthetic_001_cz.png\" alt=\"Kvalita obraz\u016f\" width=\"2000\" height=\"838\" srcset=\"https:\/\/interiorposter.com\/wp-content\/uploads\/2025\/06\/natural_or_synthetic_001_cz.png 2000w, https:\/\/interiorposter.com\/wp-content\/uploads\/2025\/06\/natural_or_synthetic_001_cz-300x126.png 300w, https:\/\/interiorposter.com\/wp-content\/uploads\/2025\/06\/natural_or_synthetic_001_cz-1024x429.png 1024w, https:\/\/interiorposter.com\/wp-content\/uploads\/2025\/06\/natural_or_synthetic_001_cz-768x322.png 768w, https:\/\/interiorposter.com\/wp-content\/uploads\/2025\/06\/natural_or_synthetic_001_cz-1536x644.png 1536w, https:\/\/interiorposter.com\/wp-content\/uploads\/2025\/06\/natural_or_synthetic_001_cz-1140x478.png 1140w, https:\/\/interiorposter.com\/wp-content\/uploads\/2025\/06\/natural_or_synthetic_001_cz-920x385.png 920w, https:\/\/interiorposter.com\/wp-content\/uploads\/2025\/06\/natural_or_synthetic_001_cz-575x241.png 575w, https:\/\/interiorposter.com\/wp-content\/uploads\/2025\/06\/natural_or_synthetic_001_cz-380x159.png 380w, https:\/\/interiorposter.com\/wp-content\/uploads\/2025\/06\/natural_or_synthetic_001_cz-800x335.png 800w\" sizes=\"auto, (max-width: 2000px) 100vw, 2000px\" \/><\/a><\/p>\n<p><strong>Syntetick\u00e9 pl\u00e1tno<\/strong>:<\/p>\n<ul>\n<li>Velmi \u017eiv\u00e9 barvy a ostr\u00e9 detaily.<\/li>\n<li>Rovnom\u011brn\u011bj\u0161\u00ed a hlad\u0161\u00ed povrch.<\/li>\n<li>Odoln\u011bj\u0161\u00ed v\u016f\u010di pov\u011btrnostn\u00edm podm\u00ednk\u00e1m.<\/li>\n<li>Lep\u0161\u00ed odolnost proti vlhkosti a UV z\u00e1\u0159en\u00ed.<\/li>\n<li>Vhodn\u011bj\u0161\u00ed pro komer\u010dn\u00ed prost\u0159ed\u00ed.<\/li>\n<li>Snadn\u011bj\u0161\u00ed \u00fadr\u017eba a \u010di\u0161t\u011bn\u00ed.<\/li>\n<\/ul>\n<p><strong>P\u0159\u00edrodn\u00ed pl\u00e1tno<\/strong>:<\/p>\n<ul>\n<li>Teplej\u0161\u00ed, organick\u00e9, m\u011bkk\u00e9 a tlumen\u00e9 barvy.<\/li>\n<li>V\u00edce mal\u00ed\u0159sk\u00fd efekt ne\u017e ti\u0161t\u011bn\u00e1 reprodukce.<\/li>\n<li>Nerovnom\u011brn\u00fd povrch s viditelnou, nepravidelnou texturou.<\/li>\n<li>Vy\u017eaduje stabiln\u011bj\u0161\u00ed a sofistikovan\u011bj\u0161\u00ed atmosf\u00e9rick\u00e9 podm\u00ednky.<\/li>\n<li>M\u016f\u017ee reagovat na zm\u011bny vlhkosti, teploty a tlaku.<\/li>\n<li>M\u016f\u017ee se \u010dasem smr\u0161\u0165ovat, roztahovat nebo blednout.<\/li>\n<li>Vy\u017eaduje opatrn\u011bj\u0161\u00ed skladov\u00e1n\u00ed a vystaven\u00ed.<\/li>\n<\/ul>\n<p><a href=\"https:\/\/interiorposter.com\/wp-content\/uploads\/2025\/06\/natural_or_synthetic_002_cz.png\" data-rel=\"lightbox-image-1\" data-rl_title=\"\" data-rl_caption=\"\" title=\"\"><img loading=\"lazy\" decoding=\"async\" class=\"aligncenter size-full wp-image-1101\" src=\"https:\/\/interiorposter.com\/wp-content\/uploads\/2025\/06\/natural_or_synthetic_002_cz.png\" alt=\"Kvalita obraz\u016f\" width=\"2000\" height=\"838\" srcset=\"https:\/\/interiorposter.com\/wp-content\/uploads\/2025\/06\/natural_or_synthetic_002_cz.png 2000w, https:\/\/interiorposter.com\/wp-content\/uploads\/2025\/06\/natural_or_synthetic_002_cz-300x126.png 300w, https:\/\/interiorposter.com\/wp-content\/uploads\/2025\/06\/natural_or_synthetic_002_cz-1024x429.png 1024w, https:\/\/interiorposter.com\/wp-content\/uploads\/2025\/06\/natural_or_synthetic_002_cz-768x322.png 768w, https:\/\/interiorposter.com\/wp-content\/uploads\/2025\/06\/natural_or_synthetic_002_cz-1536x644.png 1536w, https:\/\/interiorposter.com\/wp-content\/uploads\/2025\/06\/natural_or_synthetic_002_cz-1140x478.png 1140w, https:\/\/interiorposter.com\/wp-content\/uploads\/2025\/06\/natural_or_synthetic_002_cz-920x385.png 920w, https:\/\/interiorposter.com\/wp-content\/uploads\/2025\/06\/natural_or_synthetic_002_cz-575x241.png 575w, https:\/\/interiorposter.com\/wp-content\/uploads\/2025\/06\/natural_or_synthetic_002_cz-380x159.png 380w, https:\/\/interiorposter.com\/wp-content\/uploads\/2025\/06\/natural_or_synthetic_002_cz-800x335.png 800w\" sizes=\"auto, (max-width: 2000px) 100vw, 2000px\" \/><\/a><\/p>\n<p><a href=\"https:\/\/interiorposter.com\/wp-content\/uploads\/2025\/06\/natural_or_synthetic_003_cz.png\" data-rel=\"lightbox-image-2\" data-rl_title=\"\" data-rl_caption=\"\" title=\"\"><img loading=\"lazy\" decoding=\"async\" class=\"aligncenter size-full wp-image-1117\" src=\"https:\/\/interiorposter.com\/wp-content\/uploads\/2025\/06\/natural_or_synthetic_003_cz.png\" alt=\"Kvalita obraz\u016f\" width=\"2000\" height=\"838\" srcset=\"https:\/\/interiorposter.com\/wp-content\/uploads\/2025\/06\/natural_or_synthetic_003_cz.png 2000w, https:\/\/interiorposter.com\/wp-content\/uploads\/2025\/06\/natural_or_synthetic_003_cz-300x126.png 300w, https:\/\/interiorposter.com\/wp-content\/uploads\/2025\/06\/natural_or_synthetic_003_cz-1024x429.png 1024w, https:\/\/interiorposter.com\/wp-content\/uploads\/2025\/06\/natural_or_synthetic_003_cz-768x322.png 768w, https:\/\/interiorposter.com\/wp-content\/uploads\/2025\/06\/natural_or_synthetic_003_cz-1536x644.png 1536w, https:\/\/interiorposter.com\/wp-content\/uploads\/2025\/06\/natural_or_synthetic_003_cz-1140x478.png 1140w, https:\/\/interiorposter.com\/wp-content\/uploads\/2025\/06\/natural_or_synthetic_003_cz-920x385.png 920w, https:\/\/interiorposter.com\/wp-content\/uploads\/2025\/06\/natural_or_synthetic_003_cz-575x241.png 575w, https:\/\/interiorposter.com\/wp-content\/uploads\/2025\/06\/natural_or_synthetic_003_cz-380x159.png 380w, https:\/\/interiorposter.com\/wp-content\/uploads\/2025\/06\/natural_or_synthetic_003_cz-800x335.png 800w\" sizes=\"auto, (max-width: 2000px) 100vw, 2000px\" \/><\/a><\/p>\n<h2>Plak\u00e1ty<\/h2>\n<p>Pou\u017e\u00edv\u00e1me plak\u00e1tov\u00fd pap\u00edr s gram\u00e1\u017e\u00ed od 115 g\/m\u00b2 do 200 g\/m\u00b2. Tento pap\u00edr velmi dob\u0159e reprodukuje barvy a je odoln\u011bj\u0161\u00ed v\u016f\u010di pov\u011btrnostn\u00edm podm\u00ednk\u00e1m ve srovn\u00e1n\u00ed s b\u011b\u017en\u00fdm pap\u00edrem. Na\u0161e plak\u00e1ty jsou k dispozici v n\u011bkolika form\u00e1tech: bez r\u00e1mu (pouze tisk), v hlin\u00edkov\u00e9m r\u00e1mu nebo d\u0159ev\u011bn\u00e9m r\u00e1mu.<\/p>\n<p>Plak\u00e1ty v r\u00e1mech jsou zaji\u0161t\u011bny ze zadn\u00ed strany (strana ke zdi) deskou HDF (High-Density Fibreboard) a tenkou pr\u016fhlednou plexisklovou deskou na p\u0159edn\u00ed stran\u011b. Struktura plak\u00e1tu v r\u00e1mu je n\u00e1sleduj\u00edc\u00ed:<\/p>\n<p><a href=\"https:\/\/interiorposter.com\/wp-content\/uploads\/2025\/06\/poster_001.png\" data-rel=\"lightbox-image-3\" data-rl_title=\"\" data-rl_caption=\"\" title=\"\"><img loading=\"lazy\" decoding=\"async\" class=\"size-full wp-image-1133 alignnone\" src=\"https:\/\/interiorposter.com\/wp-content\/uploads\/2025\/06\/poster_001.png\" alt=\"Poster structure\" width=\"496\" height=\"608\" srcset=\"https:\/\/interiorposter.com\/wp-content\/uploads\/2025\/06\/poster_001.png 496w, https:\/\/interiorposter.com\/wp-content\/uploads\/2025\/06\/poster_001-245x300.png 245w, https:\/\/interiorposter.com\/wp-content\/uploads\/2025\/06\/poster_001-380x466.png 380w\" sizes=\"auto, (max-width: 496px) 100vw, 496px\" \/><\/a><\/p>\n<p><strong>Pozor!<\/strong>\u00a0Plak\u00e1ty v hlin\u00edkov\u00fdch r\u00e1mech obsahuj\u00ed pru\u017einov\u00e9 prvky. P\u0159i mont\u00e1\u017ei pros\u00edm v\u011bnujte zvl\u00e1\u0161tn\u00ed pozornost a dodr\u017eujte z\u00e1sady bezpe\u010dnosti a ochrany zdrav\u00ed p\u0159i pr\u00e1ci. Doporu\u010dujeme p\u0159i v\u0161ech mont\u00e1\u017en\u00edch a \u00fadr\u017ebov\u00fdch prac\u00edch pou\u017e\u00edvat ochrann\u00e9 br\u00fdle.<\/p>\n<p><a href=\"https:\/\/interiorposter.com\/wp-content\/uploads\/2025\/06\/poster_002.png\" data-rel=\"lightbox-image-4\" data-rl_title=\"\" data-rl_caption=\"\" title=\"\"><img loading=\"lazy\" decoding=\"async\" class=\"size-full wp-image-1137 alignnone\" src=\"https:\/\/interiorposter.com\/wp-content\/uploads\/2025\/06\/poster_002.png\" alt=\"Spring element\" width=\"895\" height=\"385\" srcset=\"https:\/\/interiorposter.com\/wp-content\/uploads\/2025\/06\/poster_002.png 895w, https:\/\/interiorposter.com\/wp-content\/uploads\/2025\/06\/poster_002-300x129.png 300w, https:\/\/interiorposter.com\/wp-content\/uploads\/2025\/06\/poster_002-768x330.png 768w, https:\/\/interiorposter.com\/wp-content\/uploads\/2025\/06\/poster_002-575x247.png 575w, https:\/\/interiorposter.com\/wp-content\/uploads\/2025\/06\/poster_002-380x163.png 380w, https:\/\/interiorposter.com\/wp-content\/uploads\/2025\/06\/poster_002-800x344.png 800w\" sizes=\"auto, (max-width: 895px) 100vw, 895px\" \/><\/a><\/p>\n<h2>Bezpe\u010dnost<\/h2>\n<p>V z\u00e1vislosti na druhu maj\u00ed na\u0161e produkty n\u00e1sleduj\u00edc\u00ed certifik\u00e1ty a osv\u011bd\u010den\u00ed:<\/p>\n<div class=\"rl-gallery-container rl-loading\" id=\"rl-gallery-container-1\" data-gallery_id=\"1234\"> <div class=\"rl-gallery rl-basicgrid-gallery \" id=\"rl-gallery-1\" data-gallery_no=\"1\"> <div class=\"rl-gallery-item\"><a href=\"\" style=\"cursor: default;\" title=\"\" data-rl_title=\"\" class=\"rl-gallery-link\" data-rl_caption=\"\" data-rel=\"lightbox-gallery-1\"><img loading=\"lazy\" decoding=\"async\" src=\"https:\/\/interiorposter.com\/wp-content\/uploads\/2025\/06\/oekotex.jpg\" width=\"250\" height=\"250\" alt=\"OEKO TEX\"\/><\/a><\/div><div class=\"rl-gallery-item\"><a href=\"\" style=\"cursor: default;\" title=\"\" data-rl_title=\"\" class=\"rl-gallery-link\" data-rl_caption=\"\" data-rel=\"lightbox-gallery-1\"><img loading=\"lazy\" decoding=\"async\" src=\"https:\/\/interiorposter.com\/wp-content\/uploads\/2025\/06\/pzh-300x258.jpg\" width=\"300\" height=\"258\" alt=\"Produkt z atestatem PZH\"\/><\/a><\/div><div class=\"rl-gallery-item\"><a href=\"\" style=\"cursor: default;\" title=\"\" data-rl_title=\"\" class=\"rl-gallery-link\" data-rl_caption=\"\" data-rel=\"lightbox-gallery-1\"><img loading=\"lazy\" decoding=\"async\" src=\"https:\/\/interiorposter.com\/wp-content\/uploads\/2025\/06\/fsc-256x300.jpg\" width=\"256\" height=\"300\" alt=\"FSC MIX\"\/><\/a><\/div><div class=\"rl-gallery-item\"><a href=\"\" style=\"cursor: default;\" title=\"\" data-rl_title=\"\" class=\"rl-gallery-link\" data-rl_caption=\"\" data-rel=\"lightbox-gallery-1\"><img loading=\"lazy\" decoding=\"async\" src=\"https:\/\/interiorposter.com\/wp-content\/uploads\/2025\/06\/emissions.jpg\" width=\"276\" height=\"145\" alt=\"Emissions dans l&#039;air int\u00e9rieur\"\/><\/a><\/div><div class=\"rl-gallery-item\"><a href=\"\" style=\"cursor: default;\" title=\"\" data-rl_title=\"\" class=\"rl-gallery-link\" data-rl_caption=\"\" data-rel=\"lightbox-gallery-1\"><img loading=\"lazy\" decoding=\"async\" src=\"https:\/\/interiorposter.com\/wp-content\/uploads\/2025\/06\/ce_en_15102-300x278.jpg\" width=\"300\" height=\"278\" alt=\"CE EN 15102\"\/><\/a><\/div> <\/div> <\/div>\n","protected":false},"excerpt":{"rendered":"<p>Obrazy a plak\u00e1ty dostupn\u00e9 v internetov\u00e9m obchod\u011b InteriorPoster.com jsou vyr\u00e1b\u011bny v Polsku (Evropsk\u00e1 unie). Pro tisk pou\u017e\u00edv\u00e1me certifikovan\u00e9 inkousty HP s n\u00edzk\u00fdmi emisemi chemik\u00e1li\u00ed, d\u00edky \u010demu\u017e jsou na\u0161e produkty bezpe\u010dn\u00e9 [&hellip;]<\/p>\n","protected":false},"author":1,"featured_media":0,"parent":0,"menu_order":0,"comment_status":"closed","ping_status":"closed","template":"","meta":{"footnotes":""},"class_list":["post-179","page","type-page","status-publish","hentry"],"aioseo_notices":[],"_links":{"self":[{"href":"https:\/\/interiorposter.com\/cs\/wp-json\/wp\/v2\/pages\/179","targetHints":{"allow":["GET"]}}],"collection":[{"href":"https:\/\/interiorposter.com\/cs\/wp-json\/wp\/v2\/pages"}],"about":[{"href":"https:\/\/interiorposter.com\/cs\/wp-json\/wp\/v2\/types\/page"}],"author":[{"embeddable":true,"href":"https:\/\/interiorposter.com\/cs\/wp-json\/wp\/v2\/users\/1"}],"replies":[{"embeddable":true,"href":"https:\/\/interiorposter.com\/cs\/wp-json\/wp\/v2\/comments?post=179"}],"version-history":[{"count":0,"href":"https:\/\/interiorposter.com\/cs\/wp-json\/wp\/v2\/pages\/179\/revisions"}],"wp:attachment":[{"href":"https:\/\/interiorposter.com\/cs\/wp-json\/wp\/v2\/media?parent=179"}],"curies":[{"name":"wp","href":"https:\/\/api.w.org\/{rel}","templated":true}]}}