{"id":172,"date":"2025-05-11T02:40:40","date_gmt":"2025-05-11T00:40:40","guid":{"rendered":"https:\/\/interiorposter.com\/pracovni-doba\/"},"modified":"2025-07-21T01:02:39","modified_gmt":"2025-07-20T23:02:39","slug":"pracovni-doba","status":"publish","type":"page","link":"https:\/\/interiorposter.com\/cs\/pracovni-doba\/","title":{"rendered":"Pracovn\u00ed doba"},"content":{"rendered":"<p><img loading=\"lazy\" decoding=\"async\" class=\"size-thumbnail wp-image-1004 alignleft\" src=\"https:\/\/interiorposter.com\/wp-content\/uploads\/2025\/05\/24_h_clock-150x150.png\" alt=\"24h\" width=\"150\" height=\"150\" srcset=\"https:\/\/interiorposter.com\/wp-content\/uploads\/2025\/05\/24_h_clock-150x150.png 150w, https:\/\/interiorposter.com\/wp-content\/uploads\/2025\/05\/24_h_clock-300x300.png 300w, https:\/\/interiorposter.com\/wp-content\/uploads\/2025\/05\/24_h_clock-380x380.png 380w, https:\/\/interiorposter.com\/wp-content\/uploads\/2025\/05\/24_h_clock-420x420.png 420w, https:\/\/interiorposter.com\/wp-content\/uploads\/2025\/05\/24_h_clock-100x100.png 100w, https:\/\/interiorposter.com\/wp-content\/uploads\/2025\/05\/24_h_clock.png 512w\" sizes=\"auto, (max-width: 150px) 100vw, 150px\" \/>Internetov\u00fd obchod s obrazy <strong>InteriorPoster.com <\/strong>p\u0159ij\u00edm\u00e1 objedn\u00e1vky <strong>24\/7<\/strong> po cel\u00fd rok.<\/p>\n<p>V\u011bt\u0161ina obraz\u016f a dal\u0161\u00edch produkt\u016f je vyr\u00e1b\u011bna individu\u00e1ln\u011b na z\u00e1klad\u011b objedn\u00e1vky.<\/p>\n<p>V\u00fdroba a z\u00e1kaznick\u00fd servis funguj\u00ed v pracovn\u00edch dnech podle kalend\u00e1\u0159e platn\u00e9ho v Polsku \u2013 od pond\u011bl\u00ed do p\u00e1tku, krom\u011b z\u00e1konem stanoven\u00fdch sv\u00e1tk\u016f. <strong>Z\u00e1kaznick\u00fd servis je k dispozici od 11:00 do 16:00<\/strong> (polsk\u00e9ho \u010dasu) v pracovn\u00ed dny. V\u00fdroba prob\u00edh\u00e1 od 08:00 do 16:00 v pracovn\u00ed dny.<\/p>\n<p>E-mailov\u00e1 podpora a <strong>kontaktn\u00ed formul\u00e1\u0159<\/strong> <a href=\"https:\/\/interiorposter.com\/cs\/kontakt\">https:\/\/interiorposter.com\/cs\/kontakt<\/a> jsou dostupn\u00e9 24\/7 po cel\u00fd rok.<\/p>\n","protected":false},"excerpt":{"rendered":"<p>Internetov\u00fd obchod s obrazy InteriorPoster.com p\u0159ij\u00edm\u00e1 objedn\u00e1vky 24\/7 po cel\u00fd rok. V\u011bt\u0161ina obraz\u016f a dal\u0161\u00edch produkt\u016f je vyr\u00e1b\u011bna individu\u00e1ln\u011b na z\u00e1klad\u011b objedn\u00e1vky. V\u00fdroba a z\u00e1kaznick\u00fd servis funguj\u00ed v pracovn\u00edch dnech [&hellip;]<\/p>\n","protected":false},"author":1,"featured_media":0,"parent":0,"menu_order":0,"comment_status":"closed","ping_status":"closed","template":"","meta":{"footnotes":""},"class_list":["post-172","page","type-page","status-publish","hentry"],"aioseo_notices":[],"_links":{"self":[{"href":"https:\/\/interiorposter.com\/cs\/wp-json\/wp\/v2\/pages\/172","targetHints":{"allow":["GET"]}}],"collection":[{"href":"https:\/\/interiorposter.com\/cs\/wp-json\/wp\/v2\/pages"}],"about":[{"href":"https:\/\/interiorposter.com\/cs\/wp-json\/wp\/v2\/types\/page"}],"author":[{"embeddable":true,"href":"https:\/\/interiorposter.com\/cs\/wp-json\/wp\/v2\/users\/1"}],"replies":[{"embeddable":true,"href":"https:\/\/interiorposter.com\/cs\/wp-json\/wp\/v2\/comments?post=172"}],"version-history":[{"count":0,"href":"https:\/\/interiorposter.com\/cs\/wp-json\/wp\/v2\/pages\/172\/revisions"}],"wp:attachment":[{"href":"https:\/\/interiorposter.com\/cs\/wp-json\/wp\/v2\/media?parent=172"}],"curies":[{"name":"wp","href":"https:\/\/api.w.org\/{rel}","templated":true}]}}