{"id":156,"date":"2025-05-11T02:36:52","date_gmt":"2025-05-11T00:36:52","guid":{"rendered":"https:\/\/interiorposter.com\/platby\/"},"modified":"2025-10-13T21:24:20","modified_gmt":"2025-10-13T19:24:20","slug":"platby","status":"publish","type":"page","link":"https:\/\/interiorposter.com\/cs\/platby\/","title":{"rendered":"Platby"},"content":{"rendered":"<h2>P\u0159ij\u00edman\u00e9 platebn\u00ed metody<\/h2>\n<p><img loading=\"lazy\" decoding=\"async\" width=\"647\" height=\"162\" class=\"size-full wp-image-63924 alignnone\" src=\"https:\/\/interiorposter.com\/wp-content\/uploads\/2025\/09\/647x162-bank.png\" alt=\"Autopay\" srcset=\"https:\/\/interiorposter.com\/wp-content\/uploads\/2025\/09\/647x162-bank.png 647w, https:\/\/interiorposter.com\/wp-content\/uploads\/2025\/09\/647x162-bank-300x75.png 300w, https:\/\/interiorposter.com\/wp-content\/uploads\/2025\/09\/647x162-bank-575x144.png 575w, https:\/\/interiorposter.com\/wp-content\/uploads\/2025\/09\/647x162-bank-380x95.png 380w\" sizes=\"auto, (max-width: 647px) 100vw, 647px\" \/><br \/>\n<img loading=\"lazy\" decoding=\"async\" width=\"319\" height=\"110\" class=\"size-full wp-image-63902 alignnone\" src=\"https:\/\/interiorposter.com\/wp-content\/uploads\/2025\/09\/banner_pl_just_pp_319x110.jpg\" alt=\"PayPal\" srcset=\"https:\/\/interiorposter.com\/wp-content\/uploads\/2025\/09\/banner_pl_just_pp_319x110.jpg 319w, https:\/\/interiorposter.com\/wp-content\/uploads\/2025\/09\/banner_pl_just_pp_319x110-300x103.jpg 300w\" sizes=\"auto, (max-width: 319px) 100vw, 319px\" \/><br \/>\n<img loading=\"lazy\" decoding=\"async\" width=\"123\" height=\"123\" class=\"size-full wp-image-63929 alignnone\" src=\"https:\/\/interiorposter.com\/wp-content\/uploads\/2025\/09\/mastercard_visa_123x123.png\" alt=\"Mastercard Visa\" srcset=\"https:\/\/interiorposter.com\/wp-content\/uploads\/2025\/09\/mastercard_visa_123x123.png 123w, https:\/\/interiorposter.com\/wp-content\/uploads\/2025\/09\/mastercard_visa_123x123-100x100.png 100w, https:\/\/interiorposter.com\/wp-content\/uploads\/2025\/09\/mastercard_visa_123x123-50x50.png 50w\" sizes=\"auto, (max-width: 123px) 100vw, 123px\" \/><br \/>\n<img loading=\"lazy\" decoding=\"async\" width=\"123\" height=\"123\" class=\"size-full wp-image-63935 alignnone\" src=\"https:\/\/interiorposter.com\/wp-content\/uploads\/2025\/09\/blik.gif\" alt=\"Blik\" srcset=\"https:\/\/interiorposter.com\/wp-content\/uploads\/2025\/09\/blik.gif 123w, https:\/\/interiorposter.com\/wp-content\/uploads\/2025\/09\/blik-100x100.gif 100w, https:\/\/interiorposter.com\/wp-content\/uploads\/2025\/09\/blik-50x50.gif 50w\" sizes=\"auto, (max-width: 123px) 100vw, 123px\" \/><\/p>\n<p>V na\u0161em obchod\u011b m\u016f\u017eete svou objedn\u00e1vku aktu\u00e1ln\u011b zaplatit n\u00e1sleduj\u00edc\u00edmi zp\u016fsoby:<\/p>\n<ul>\n<li><strong>Autopay Rychl\u00e9 p\u0159evody<\/strong> (PLN, CZK, EUR) \u2013 rychl\u00e9 online p\u0159evody z polsk\u00fdch bank.<\/li>\n<li><strong>Bankovn\u00ed p\u0159evod<\/strong> (PLN, CZK, EUR) \u2013 po odesl\u00e1n\u00ed objedn\u00e1vky obdr\u017e\u00edte \u00fadaje pro bankovn\u00ed p\u0159evod.<\/li>\n<li><strong>PayPal<\/strong> (PLN, CZK, EUR) \u2013 rychl\u00e1 online platba, v\u010detn\u011b platby platebn\u00ed nebo kreditn\u00ed kartou, bez nutnosti m\u00edt \u00fa\u010det PayPal.<\/li>\n<li><strong>Platebn\u00ed karty<\/strong>: Visa, Visa Electron, Mastercard, MasterCard Electronic, Maestro.<\/li>\n<li><strong>BLIK<\/strong>.<\/li>\n<\/ul>\n<p>V bl\u00edzk\u00e9 budoucnosti pl\u00e1nujeme nab\u00eddku roz\u0161\u00ed\u0159it o dal\u0161\u00ed platebn\u00ed metody.<\/p>\n<h2>M\u011bny a p\u0159epo\u010det cen<\/h2>\n<ul>\n<li>Podporovan\u00e9 m\u011bny: PLN, CZK, EUR.<\/li>\n<li>Z\u00e1kladn\u00ed m\u011bnou obchodu je PLN.<\/li>\n<li>V\u0161echny ceny zobrazovan\u00e9 v CZK a EUR jsou p\u0159epo\u010d\u00edt\u00e1v\u00e1ny na z\u00e1klad\u011b pr\u016fm\u011brn\u00e9ho aktu\u00e1ln\u00edho sm\u011bnn\u00e9ho kurzu v den n\u00e1kupu.<\/li>\n<li>Za p\u0159evod m\u011bny \u00fa\u010dtujeme poplatek 2%.<\/li>\n<\/ul>\n<h2>Bezpe\u010dnost plateb<\/h2>\n<p>Pou\u017e\u00edv\u00e1me pouze ov\u011b\u0159en\u00e9 a bezpe\u010dn\u00e9 poskytovatele platebn\u00edch slu\u017eeb. V\u0161echny transakce prob\u00edhaj\u00ed prost\u0159ednictv\u00edm \u0161ifrovan\u00e9ho spojen\u00ed s platebn\u00edm oper\u00e1torem, co\u017e zaji\u0161\u0165uje d\u016fv\u011brnost a ochranu va\u0161ich finan\u010dn\u00edch i osobn\u00edch \u00fadaj\u016f. My jako obchod neukl\u00e1d\u00e1me \u010d\u00edsla platebn\u00edch karet ani p\u0159ihla\u0161ovac\u00ed \u00fadaje k \u00fa\u010dtu platebn\u00edho oper\u00e1tora.<\/p>\n<h2>\u00dadaje pro bankovn\u00ed p\u0159evod<\/h2>\n<p>Podrobn\u00e9 \u00fadaje pro bankovn\u00ed p\u0159evod obdr\u017e\u00edte e-mailem po odesl\u00e1n\u00ed objedn\u00e1vky. Nezapome\u0148te do pole Zpr\u00e1va pro p\u0159\u00edjemce uv\u00e9st \u010d\u00edslo objedn\u00e1vky, co\u017e n\u00e1m pom\u016f\u017ee urychlit zpracov\u00e1n\u00ed va\u0161\u00ed objedn\u00e1vky.<\/p>\n<p>N\u00e1\u0161 bankovn\u00ed \u00fa\u010det (Tradi\u010dn\u00ed bankovn\u00ed p\u0159evody p\u0159ij\u00edm\u00e1me v\u00fdhradn\u011b na tento \u00fa\u010det):<\/p>\n<pre>\u010c\u00edslo \u00fa\u010dtu (IBAN): <strong>PL 25 1600 1462 1806 0572 5000 0001\r\n<\/strong>P\u0159\u00edjemce: <strong>InteriorPoster.com - Baltic Computers Sp. z o.o.\r\n<\/strong>Zpr\u00e1va pro p\u0159\u00edjemce: Uve\u010fte sv\u00e9 \u010d\u00edslo objedn\u00e1vky\r\nN\u00e1zev banky: <strong>BNP Paribas Bank Polska\r\n<\/strong>BIC \/ Swift: <strong>PPABPLPKXXX<\/strong><\/pre>\n","protected":false},"excerpt":{"rendered":"<p>P\u0159ij\u00edman\u00e9 platebn\u00ed metody V na\u0161em obchod\u011b m\u016f\u017eete svou objedn\u00e1vku aktu\u00e1ln\u011b zaplatit n\u00e1sleduj\u00edc\u00edmi zp\u016fsoby: Autopay Rychl\u00e9 p\u0159evody (PLN, CZK, EUR) \u2013 rychl\u00e9 online p\u0159evody z polsk\u00fdch bank. Bankovn\u00ed p\u0159evod (PLN, CZK, [&hellip;]<\/p>\n","protected":false},"author":1,"featured_media":0,"parent":0,"menu_order":0,"comment_status":"closed","ping_status":"closed","template":"","meta":{"footnotes":""},"class_list":["post-156","page","type-page","status-publish","hentry"],"aioseo_notices":[],"_links":{"self":[{"href":"https:\/\/interiorposter.com\/cs\/wp-json\/wp\/v2\/pages\/156","targetHints":{"allow":["GET"]}}],"collection":[{"href":"https:\/\/interiorposter.com\/cs\/wp-json\/wp\/v2\/pages"}],"about":[{"href":"https:\/\/interiorposter.com\/cs\/wp-json\/wp\/v2\/types\/page"}],"author":[{"embeddable":true,"href":"https:\/\/interiorposter.com\/cs\/wp-json\/wp\/v2\/users\/1"}],"replies":[{"embeddable":true,"href":"https:\/\/interiorposter.com\/cs\/wp-json\/wp\/v2\/comments?post=156"}],"version-history":[{"count":0,"href":"https:\/\/interiorposter.com\/cs\/wp-json\/wp\/v2\/pages\/156\/revisions"}],"wp:attachment":[{"href":"https:\/\/interiorposter.com\/cs\/wp-json\/wp\/v2\/media?parent=156"}],"curies":[{"name":"wp","href":"https:\/\/api.w.org\/{rel}","templated":true}]}}