{"id":152,"date":"2025-05-11T02:35:19","date_gmt":"2025-05-11T00:35:19","guid":{"rendered":"https:\/\/interiorposter.com\/doprava\/"},"modified":"2025-09-28T04:48:02","modified_gmt":"2025-09-28T02:48:02","slug":"doprava","status":"publish","type":"page","link":"https:\/\/interiorposter.com\/cs\/doprava\/","title":{"rendered":"Doprava"},"content":{"rendered":"<p>Obrazy na pl\u00e1tn\u011b a plak\u00e1ty nab\u00edzen\u00e9 v internetov\u00e9m obchod\u011b <a href=\"https:\/\/interiorposter.com\">InteriorPoster.com<\/a> jsou vyr\u00e1b\u011bny v EU, v Polsku.<\/p>\n<p>Cena dopravy obraz\u016f a plak\u00e1t\u016f v internetov\u00e9m obchod\u011b <a href=\"https:\/\/interiorposter.com\">InteriorPoster.com<\/a> z\u00e1vis\u00ed na t\u0159ech faktorech:<\/p>\n<p>1. Zem\u011b doru\u010den\u00ed ur\u010den\u00e1 z\u00e1kazn\u00edkem.<\/p>\n<p>2. Celkov\u00e1 hmotnost bal\u00edku.<\/p>\n<p>3. Rozm\u011bry bal\u00edku.<\/p>\n<p>Informace o dob\u011b vy\u0159\u00edzen\u00ed objedn\u00e1vky najdete na str\u00e1nce <a href=\"https:\/\/interiorposter.com\/cs\/doba-zpracovani-objednavky\">https:\/\/interiorposter.com\/cs\/doba-zpracovani-objednavky<\/a>.<\/p>\n<p>V sou\u010dasnosti doru\u010dujeme na\u0161e produkty do Polska, \u010cesk\u00e9 republiky a N\u011bmecka. V p\u0159\u00edpad\u011b pot\u0159eby doru\u010den\u00ed do jin\u00e9 zem\u011b n\u00e1s pros\u00edm kontaktujte prost\u0159ednictv\u00edm kontaktn\u00edho formul\u00e1\u0159e: <a href=\"https:\/\/interiorposter.com\/cs\/kontakt\">https:\/\/interiorposter.com\/cs\/kontakt<\/a>.<\/p>\n<p>Upozor\u0148ujeme, \u017ee kur\u00fdrn\u00ed spole\u010dnosti ur\u010duj\u00ed cenu dopravy podle rozm\u011br\u016f balen\u00ed, nikoliv samotn\u00e9ho obrazu. Ke ka\u017ed\u00e9mu rozm\u011bru obrazu je proto nutn\u00e9 p\u0159ipo\u010d\u00edtat p\u0159ibli\u017en\u011b 5\u202fcm nav\u00edc. Hmotnost z\u00e1silky se po\u010d\u00edt\u00e1 v\u010detn\u011b obalu a ochrann\u00fdch materi\u00e1l\u016f. Pokud objedn\u00e1vka obsahuje v\u00edce obraz\u016f nebo plak\u00e1t\u016f, podle jejich rozm\u011br\u016f, hmotnosti a povahy produkt\u016f je bu\u010f zabal\u00edme spole\u010dn\u011b do jednoho bal\u00edku, nebo rozd\u011bl\u00edme do v\u00edce bal\u00edk\u016f. Cena dopravy se pak vypo\u010d\u00edt\u00e1v\u00e1 podle nejv\u011bt\u0161\u00edho bal\u00edku v objedn\u00e1vce.<\/p>\n<p>V sou\u010dasnosti zaji\u0161\u0165ujeme doru\u010den\u00ed prost\u0159ednictv\u00edm kur\u00fdrn\u00ed slu\u017eby DHL. Zde je cen\u00edk dopravy platn\u00fd v obchod\u011b <a href=\"https:\/\/interiorposter.com\">InteriorPoster.com<\/a>:<\/p>\n<table>\n<tbody>\n<tr style=\"background-color: #f0f0f0;\">\n<td>Zem\u011b doru\u010den\u00ed<\/td>\n<td><strong>Bal\u00edk velikosti M<\/strong>: do 120 \u00d7 60 cm, do 5 kg<\/td>\n<td><strong>Bal\u00edk velikosti L<\/strong>: do 120 \u00d7 60 cm, od 5 do 20 kg<\/td>\n<td><strong>Bal\u00edk velikosti XL<\/strong>: nad 120 \u00d7 60 cm nebo celkov\u00e1 hmotnost nad 20 kg<\/td>\n<\/tr>\n<tr>\n<td><strong>Polsko<\/strong><\/td>\n<td>21.99 PLN<\/td>\n<td>21.99 PLN<\/td>\n<td>25.99 PLN<\/td>\n<\/tr>\n<tr>\n<td><strong>\u010cesko<\/strong><\/td>\n<td>29.99 PLN \/ <span class=\"woocommerce-Price-amount amount\"><bdi>175.60&nbsp;<span class=\"woocommerce-Price-currencySymbol\">&#75;&#269;<\/span><\/bdi><\/span><\/td>\n<td>34.99 PLN \/ <span class=\"woocommerce-Price-amount amount\"><bdi>204.87&nbsp;<span class=\"woocommerce-Price-currencySymbol\">&#75;&#269;<\/span><\/bdi><\/span><\/td>\n<td>49.99 PLN \/ <span class=\"woocommerce-Price-amount amount\"><bdi>292.70&nbsp;<span class=\"woocommerce-Price-currencySymbol\">&#75;&#269;<\/span><\/bdi><\/span><\/td>\n<\/tr>\n<tr>\n<td><strong>N\u011bmecko<\/strong><\/td>\n<td>29.99 PLN \/ <span class=\"woocommerce-Price-amount amount\"><bdi>7.23&nbsp;<span class=\"woocommerce-Price-currencySymbol\">&euro;<\/span><\/bdi><\/span><\/td>\n<td>34.99 PLN \/ <span class=\"woocommerce-Price-amount amount\"><bdi>8.43&nbsp;<span class=\"woocommerce-Price-currencySymbol\">&euro;<\/span><\/bdi><\/span><\/td>\n<td>49.99 PLN \/ <span class=\"woocommerce-Price-amount amount\"><bdi>12.05&nbsp;<span class=\"woocommerce-Price-currencySymbol\">&euro;<\/span><\/bdi><\/span><\/td>\n<\/tr>\n<\/tbody>\n<\/table>\n<p>Obrazy, plak\u00e1ty a jin\u00e9 produkty dod\u00e1v\u00e1me v dob\u0159e zabezpe\u010den\u00fdch kartonech. Zde je p\u0159\u00edklad produktu, kter\u00fd jsme dodali:<\/p>\n<p><a href=\"https:\/\/interiorposter.com\/wp-content\/uploads\/2025\/09\/dostawa_karton.jpg\" data-rel=\"lightbox-image-0\" data-rl_title=\"\" data-rl_caption=\"\" title=\"\"><img loading=\"lazy\" decoding=\"async\" class=\"alignleft size-full wp-image-63965\" src=\"https:\/\/interiorposter.com\/wp-content\/uploads\/2025\/09\/dostawa_karton.jpg\" alt=\"Deliver\" width=\"2134\" height=\"1000\" srcset=\"https:\/\/interiorposter.com\/wp-content\/uploads\/2025\/09\/dostawa_karton.jpg 2134w, https:\/\/interiorposter.com\/wp-content\/uploads\/2025\/09\/dostawa_karton-300x141.jpg 300w, https:\/\/interiorposter.com\/wp-content\/uploads\/2025\/09\/dostawa_karton-1024x480.jpg 1024w, https:\/\/interiorposter.com\/wp-content\/uploads\/2025\/09\/dostawa_karton-768x360.jpg 768w, https:\/\/interiorposter.com\/wp-content\/uploads\/2025\/09\/dostawa_karton-1536x720.jpg 1536w, https:\/\/interiorposter.com\/wp-content\/uploads\/2025\/09\/dostawa_karton-2048x960.jpg 2048w, https:\/\/interiorposter.com\/wp-content\/uploads\/2025\/09\/dostawa_karton-1140x534.jpg 1140w, https:\/\/interiorposter.com\/wp-content\/uploads\/2025\/09\/dostawa_karton-920x431.jpg 920w, https:\/\/interiorposter.com\/wp-content\/uploads\/2025\/09\/dostawa_karton-575x269.jpg 575w, https:\/\/interiorposter.com\/wp-content\/uploads\/2025\/09\/dostawa_karton-380x178.jpg 380w, https:\/\/interiorposter.com\/wp-content\/uploads\/2025\/09\/dostawa_karton-800x375.jpg 800w\" sizes=\"auto, (max-width: 2134px) 100vw, 2134px\" \/><\/a><\/p>\n","protected":false},"excerpt":{"rendered":"<p>Obrazy na pl\u00e1tn\u011b a plak\u00e1ty nab\u00edzen\u00e9 v internetov\u00e9m obchod\u011b InteriorPoster.com jsou vyr\u00e1b\u011bny v EU, v Polsku. Cena dopravy obraz\u016f a plak\u00e1t\u016f v internetov\u00e9m obchod\u011b InteriorPoster.com z\u00e1vis\u00ed na t\u0159ech faktorech: 1. [&hellip;]<\/p>\n","protected":false},"author":1,"featured_media":63769,"parent":0,"menu_order":0,"comment_status":"closed","ping_status":"closed","template":"","meta":{"footnotes":""},"class_list":["post-152","page","type-page","status-publish","has-post-thumbnail","hentry"],"aioseo_notices":[],"_links":{"self":[{"href":"https:\/\/interiorposter.com\/cs\/wp-json\/wp\/v2\/pages\/152","targetHints":{"allow":["GET"]}}],"collection":[{"href":"https:\/\/interiorposter.com\/cs\/wp-json\/wp\/v2\/pages"}],"about":[{"href":"https:\/\/interiorposter.com\/cs\/wp-json\/wp\/v2\/types\/page"}],"author":[{"embeddable":true,"href":"https:\/\/interiorposter.com\/cs\/wp-json\/wp\/v2\/users\/1"}],"replies":[{"embeddable":true,"href":"https:\/\/interiorposter.com\/cs\/wp-json\/wp\/v2\/comments?post=152"}],"version-history":[{"count":0,"href":"https:\/\/interiorposter.com\/cs\/wp-json\/wp\/v2\/pages\/152\/revisions"}],"wp:featuredmedia":[{"embeddable":true,"href":"https:\/\/interiorposter.com\/cs\/wp-json\/wp\/v2\/media\/63769"}],"wp:attachment":[{"href":"https:\/\/interiorposter.com\/cs\/wp-json\/wp\/v2\/media?parent=152"}],"curies":[{"name":"wp","href":"https:\/\/api.w.org\/{rel}","templated":true}]}}