{"id":148,"date":"2025-05-11T02:33:47","date_gmt":"2025-05-11T00:33:47","guid":{"rendered":"https:\/\/interiorposter.com\/kontakt\/"},"modified":"2025-08-07T00:48:42","modified_gmt":"2025-08-06T22:48:42","slug":"kontakt","status":"publish","type":"page","link":"https:\/\/interiorposter.com\/cs\/kontakt\/","title":{"rendered":"Kontaktn\u00ed formul\u00e1\u0159"},"content":{"rendered":"<p>M\u00e1te-li jak\u00e9koli dotazy, doporu\u010dujeme n\u00e1s kontaktovat <strong>e-mailem<\/strong> nebo prost\u0159ednictv\u00edm <strong>kontaktn\u00edho formul\u00e1\u0159e<\/strong>. Jedn\u00e1 se o <strong>nejrychlej\u0161\u00ed<\/strong> a <strong>nejpohodln\u011bj\u0161\u00ed<\/strong> zp\u016fsob komunikace, dostupn\u00fd kdykoli b\u011bhem dne a v jak\u00e9mkoli jazyce. Usilujeme o odpov\u011b\u010f je\u0161t\u011b ve stejn\u00fd pracovn\u00ed den.<\/p>\n<p>N\u00e1\u0161 e-mail: contact@interiorposter.com<\/p>\n<p>Alternatywnie mog\u0105 si\u0119 Pa\u0144stwo z nami skontaktowa\u0107 telefonicznie w dni robocze <strong>w godzinach 11:00 &#8211; 16:00 <\/strong>(czasu polskiego) w dni robocze. Uprzejmie informujemy, \u017ce obs\u0142uga telefoniczna jest obecnie dost\u0119pna <strong>wy\u0142\u0105cznie w j\u0119zyku polskim<\/strong>:<\/p>\n<p>P\u0159\u00edpadn\u011b n\u00e1s m\u016f\u017eete kontaktovat telefonicky ve v\u0161edn\u00ed dny <strong>mezi 11:00 a 16:00<\/strong> podle ofici\u00e1ln\u00edho kalend\u00e1\u0159e st\u00e1tn\u00edch sv\u00e1tk\u016f v Polsku. Upozor\u0148ujeme, \u017ee telefonick\u00e1 podpora je v sou\u010dasnosti k dispozici <strong>pouze v pol\u0161tin\u011b<\/strong>. Telefonn\u00ed \u010d\u00edslo: +48 881 711 012<\/p>\n\n<div class=\"wpcf7 no-js\" id=\"wpcf7-f63600-o1\" lang=\"cs-CZ\" dir=\"ltr\" data-wpcf7-id=\"63600\">\n<div class=\"screen-reader-response\"><p role=\"status\" aria-live=\"polite\" aria-atomic=\"true\"><\/p> <ul><\/ul><\/div>\n<form action=\"\/cs\/wp-json\/wp\/v2\/pages\/148#wpcf7-f63600-o1\" method=\"post\" class=\"wpcf7-form init contact-form\" aria-label=\"Kontaktn\u00ed formul\u00e1\u0159\" novalidate=\"novalidate\" data-status=\"init\">\n<div style=\"display: none;\">\n<input type=\"hidden\" name=\"_wpcf7\" value=\"63600\" \/>\n<input type=\"hidden\" name=\"_wpcf7_version\" value=\"6.0.6\" \/>\n<input type=\"hidden\" name=\"_wpcf7_locale\" value=\"cs_CZ\" \/>\n<input type=\"hidden\" name=\"_wpcf7_unit_tag\" value=\"wpcf7-f63600-o1\" \/>\n<input type=\"hidden\" name=\"_wpcf7_container_post\" value=\"0\" \/>\n<input type=\"hidden\" name=\"_wpcf7_posted_data_hash\" value=\"\" \/>\n<\/div>\n<div class=\"fhsb fw w100\">\n\t<div class=\"dib d49m100\">\n\t\t<p><label for=\"your-name\">Jm\u00e9no<\/label><br \/>\n<span class=\"wpcf7-form-control-wrap\" data-name=\"your-name\"><input size=\"40\" maxlength=\"400\" class=\"wpcf7-form-control wpcf7-text wpcf7-validates-as-required\" autocomplete=\"name\" aria-required=\"true\" aria-invalid=\"false\" placeholder=\"Zadejte sv\u00e9 jm\u00e9no\" value=\"\" type=\"text\" name=\"your-name\" \/><\/span>\n\t\t<\/p>\n\t<\/div>\n\t<div class=\"dib d49m100\">\n\t\t<p><label for=\"your-email\">E-mailov\u00e1 adresa<\/label><br \/>\n<span class=\"wpcf7-form-control-wrap\" data-name=\"your-email\"><input size=\"40\" maxlength=\"400\" class=\"wpcf7-form-control wpcf7-email wpcf7-validates-as-required wpcf7-text wpcf7-validates-as-email\" autocomplete=\"email\" aria-required=\"true\" aria-invalid=\"false\" placeholder=\"Zadejte svou e-mailovou adresu\" value=\"\" type=\"email\" name=\"your-email\" \/><\/span>\n\t\t<\/p>\n\t<\/div>\n<\/div>\n<div class=\"dib w100\">\n\t<p><label>P\u0159edm\u011bt<\/label><br \/>\n<span class=\"wpcf7-form-control-wrap\" data-name=\"your-subject\"><input size=\"40\" maxlength=\"400\" class=\"wpcf7-form-control wpcf7-text wpcf7-validates-as-required\" aria-required=\"true\" aria-invalid=\"false\" placeholder=\"Napi\u0161te, \u010deho se va\u0161e zpr\u00e1va t\u00fdk\u00e1\" value=\"\" type=\"text\" name=\"your-subject\" \/><\/span>\n\t<\/p>\n<\/div>\n<div class=\"dib w100\">\n\t<p><label>Zpr\u00e1va<\/label><br \/>\n<span class=\"wpcf7-form-control-wrap\" data-name=\"your-message\"><textarea cols=\"40\" rows=\"10\" maxlength=\"2000\" class=\"wpcf7-form-control wpcf7-textarea wpcf7-validates-as-required\" aria-required=\"true\" aria-invalid=\"false\" placeholder=\"Napi\u0161te zpr\u00e1vu, kterou n\u00e1m chcete poslat...\" name=\"your-message\"><\/textarea><\/span>\n\t<\/p>\n<\/div>\n<div class=\"dib w100 mb20\">\n\t<p><span class=\"wpcf7-form-control-wrap kc_captcha\" data-name=\"kc_captcha\"><span class=\"wpcf7-form-control wpcf7-radio\"><span class=\"captcha-image\" ><span class=\"cf7ic_instructions\">To \u017ee jste \u010dlov\u011bk proka\u017ete v\u00fdb\u011brem ikony<span> n\u00e1kladn\u00ed automobil<\/span>.<\/span><label><input aria-label=\"1\" type=\"radio\" name=\"kc_captcha\" value=\"kc_human\" \/><svg aria-hidden=\"true\" role=\"img\" xmlns=\"http:\/\/www.w3.org\/2000\/svg\" viewBox=\"0 0 640 512\"><path fill=\"currentColor\" d=\"M624 352h-16V244c0-13-5-25-14-34L494 110c-9-9-21-14-34-14h-44V48c0-26-21-48-48-48H48C22 0 0 22 0 48v320c0 27 22 48 48 48h16a96 96 0 00192 0h128a96 96 0 00192 0h48c9 0 16-7 16-16v-32c0-9-7-16-16-16zM160 464a48 48 0 110-96 48 48 0 010 96zm320 0a48 48 0 110-96 48 48 0 010 96zm80-208H416V144h44l100 100v12z\"\/><\/svg><\/label><label><input aria-label=\"2\" type=\"radio\" name=\"kc_captcha\" value=\"bot\" \/><svg aria-hidden=\"true\" role=\"img\" xmlns=\"http:\/\/www.w3.org\/2000\/svg\" viewBox=\"0 0 384 512\"><path fill=\"currentColor\" d=\"M377 375l-83-87h34c21 0 32-25 17-40l-82-88h33c21 0 32-25 18-40L210 8c-10-11-26-11-36 0L70 120c-14 15-3 40 18 40h33l-82 88c-15 15-4 40 17 40h34L7 375c-15 16-4 41 17 41h120c0 33-11 49-34 68-12 9-5 28 10 28h144c15 0 22-19 10-28-20-16-34-32-34-68h120c21 0 32-25 17-41z\"\/><\/svg><\/label><label><input aria-label=\"3\" type=\"radio\" name=\"kc_captcha\" value=\"bot\" \/><svg aria-hidden=\"true\" role=\"img\" xmlns=\"http:\/\/www.w3.org\/2000\/svg\" viewBox=\"0 0 576 512\"><path fill=\"currentColor\" d=\"M472 200H360L256 6a12 12 0 00-10-6h-58c-8 0-14 7-12 15l34 185H100l-35-58a12 12 0 00-10-6H12c-8 0-13 7-12 14l21 106L0 362c-1 7 4 14 12 14h43c4 0 8-2 10-6l35-58h110l-34 185c-2 8 4 15 12 15h58a12 12 0 0010-6l104-194h112c57 0 104-25 104-56s-47-56-104-56z\"\/><\/svg><\/label>\r\n    <\/span>\r\n    <span style=\"display:none\">\r\n        <input type=\"text\" name=\"kc_honeypot\">\r\n    <\/span><\/span><\/span>\n\t<\/p>\n<\/div>\n<div class=\"dib w100 mb20\">\n\t<p><span class=\"wpcf7-form-control-wrap\" data-name=\"acceptance-term\"><span class=\"wpcf7-form-control wpcf7-acceptance\"><span class=\"wpcf7-list-item\"><label><input type=\"checkbox\" name=\"acceptance-term\" value=\"1\" aria-invalid=\"false\" \/><span class=\"wpcf7-list-item-label\">Souhlas\u00edm se zpracov\u00e1n\u00edm sv\u00fdch osobn\u00edch \u00fadaj\u016f v souladu se <span class=\"contact-terms\"><a href=\"https:\/\/interiorposter.com\/cs\/zasady-ochrany-osobnich-udaju\" target=\"_blank\">Z\u00e1sadami ochrany osobn\u00edch \u00fadaj\u016f<\/a><\/span>.<\/span><\/label><\/span><\/span><\/span>\n\t<\/p>\n<\/div>\n<div class=\"dib w100\">\n\t<p><input class=\"wpcf7-form-control wpcf7-submit has-spinner\" type=\"submit\" value=\"Odeslat\" \/>\n\t<\/p>\n<\/div><div class=\"wpcf7-response-output\" aria-hidden=\"true\"><\/div>\n<\/form>\n<\/div>\n\n","protected":false},"excerpt":{"rendered":"<p>M\u00e1te-li jak\u00e9koli dotazy, doporu\u010dujeme n\u00e1s kontaktovat e-mailem nebo prost\u0159ednictv\u00edm kontaktn\u00edho formul\u00e1\u0159e. Jedn\u00e1 se o nejrychlej\u0161\u00ed a nejpohodln\u011bj\u0161\u00ed zp\u016fsob komunikace, dostupn\u00fd kdykoli b\u011bhem dne a v jak\u00e9mkoli jazyce. Usilujeme o odpov\u011b\u010f [&hellip;]<\/p>\n","protected":false},"author":1,"featured_media":0,"parent":0,"menu_order":0,"comment_status":"closed","ping_status":"closed","template":"","meta":{"footnotes":""},"class_list":["post-148","page","type-page","status-publish","hentry"],"aioseo_notices":[],"_links":{"self":[{"href":"https:\/\/interiorposter.com\/cs\/wp-json\/wp\/v2\/pages\/148","targetHints":{"allow":["GET"]}}],"collection":[{"href":"https:\/\/interiorposter.com\/cs\/wp-json\/wp\/v2\/pages"}],"about":[{"href":"https:\/\/interiorposter.com\/cs\/wp-json\/wp\/v2\/types\/page"}],"author":[{"embeddable":true,"href":"https:\/\/interiorposter.com\/cs\/wp-json\/wp\/v2\/users\/1"}],"replies":[{"embeddable":true,"href":"https:\/\/interiorposter.com\/cs\/wp-json\/wp\/v2\/comments?post=148"}],"version-history":[{"count":0,"href":"https:\/\/interiorposter.com\/cs\/wp-json\/wp\/v2\/pages\/148\/revisions"}],"wp:attachment":[{"href":"https:\/\/interiorposter.com\/cs\/wp-json\/wp\/v2\/media?parent=148"}],"curies":[{"name":"wp","href":"https:\/\/api.w.org\/{rel}","templated":true}]}}