{"id":1069,"date":"2025-06-09T01:14:11","date_gmt":"2025-06-08T23:14:11","guid":{"rendered":"https:\/\/interiorposter.com\/?page_id=1069"},"modified":"2025-09-28T03:58:35","modified_gmt":"2025-09-28T01:58:35","slug":"jak-povesit-obraz-na-zed","status":"publish","type":"page","link":"https:\/\/interiorposter.com\/cs\/jak-povesit-obraz-na-zed\/","title":{"rendered":"Jak pov\u011bsit obraz na ze\u010f?"},"content":{"rendered":"<p>V z\u00e1vislosti na typu obrazu (obraz nebo plak\u00e1t, typ r\u00e1mu) a rozm\u011brech existuje n\u011bkolik mo\u017enost\u00ed, jak obraz p\u0159ipevnit na ze\u010f.<\/p>\n<p><strong>Pozor!<\/strong> P\u0159i mont\u00e1\u017en\u00edch prac\u00edch dodr\u017eujte pros\u00edm z\u00e1sady bezpe\u010dnosti pr\u00e1ce. Obchod nenese odpov\u011bdnost za \u0161kody zp\u016fsoben\u00e9 osobou, kter\u00e1 zakoupen\u00fd produkt instaluje.<\/p>\n<p>V\u011bt\u0161inu plak\u00e1t\u016f v hlin\u00edkov\u00e9m r\u00e1mu dod\u00e1v\u00e1me s ji\u017e namontovan\u00fdm z\u00e1v\u011bsem:<\/p>\n<p><a href=\"https:\/\/interiorposter.com\/wp-content\/uploads\/2025\/09\/instrukcja_montazu_001-1024x436.jpg\" data-rel=\"lightbox-image-0\" data-rl_title=\"\" data-rl_caption=\"\" title=\"\"><img loading=\"lazy\" decoding=\"async\" class=\"aligncenter size-large wp-image-63856\" src=\"https:\/\/interiorposter.com\/wp-content\/uploads\/2025\/09\/instrukcja_montazu_001-1024x436.jpg\" alt=\"Wall Art mounting instructions - img 1\" width=\"1024\" height=\"436\" srcset=\"https:\/\/interiorposter.com\/wp-content\/uploads\/2025\/09\/instrukcja_montazu_001-1024x436.jpg 1024w, https:\/\/interiorposter.com\/wp-content\/uploads\/2025\/09\/instrukcja_montazu_001-300x128.jpg 300w, https:\/\/interiorposter.com\/wp-content\/uploads\/2025\/09\/instrukcja_montazu_001-768x327.jpg 768w, https:\/\/interiorposter.com\/wp-content\/uploads\/2025\/09\/instrukcja_montazu_001-1140x486.jpg 1140w, https:\/\/interiorposter.com\/wp-content\/uploads\/2025\/09\/instrukcja_montazu_001-920x392.jpg 920w, https:\/\/interiorposter.com\/wp-content\/uploads\/2025\/09\/instrukcja_montazu_001-575x245.jpg 575w, https:\/\/interiorposter.com\/wp-content\/uploads\/2025\/09\/instrukcja_montazu_001-380x162.jpg 380w, https:\/\/interiorposter.com\/wp-content\/uploads\/2025\/09\/instrukcja_montazu_001-800x341.jpg 800w, https:\/\/interiorposter.com\/wp-content\/uploads\/2025\/09\/instrukcja_montazu_001.jpg 1173w\" sizes=\"auto, (max-width: 1024px) 100vw, 1024px\" \/><\/a><\/p>\n<p><strong>Pozor!<\/strong> Obrazy a plak\u00e1ty v hlin\u00edkov\u00e9m r\u00e1mu obsahuj\u00ed pru\u017en\u00e9 prvky \u2013 nevyj\u00edmejte je pros\u00edm a zachovejte zvl\u00e1\u0161tn\u00ed opatrnost.<\/p>\n<p><a href=\"https:\/\/interiorposter.com\/wp-content\/uploads\/2025\/09\/instrukcja_montazu_002-1024x575.jpg\" data-rel=\"lightbox-image-1\" data-rl_title=\"\" data-rl_caption=\"\" title=\"\"><img loading=\"lazy\" decoding=\"async\" class=\"aligncenter size-large wp-image-63860\" src=\"https:\/\/interiorposter.com\/wp-content\/uploads\/2025\/09\/instrukcja_montazu_002-1024x575.jpg\" alt=\"Wall Art mounting instructions - img 2\" width=\"1024\" height=\"575\" srcset=\"https:\/\/interiorposter.com\/wp-content\/uploads\/2025\/09\/instrukcja_montazu_002-1024x575.jpg 1024w, https:\/\/interiorposter.com\/wp-content\/uploads\/2025\/09\/instrukcja_montazu_002-300x169.jpg 300w, https:\/\/interiorposter.com\/wp-content\/uploads\/2025\/09\/instrukcja_montazu_002-768x432.jpg 768w, https:\/\/interiorposter.com\/wp-content\/uploads\/2025\/09\/instrukcja_montazu_002-1140x641.jpg 1140w, https:\/\/interiorposter.com\/wp-content\/uploads\/2025\/09\/instrukcja_montazu_002-920x517.jpg 920w, https:\/\/interiorposter.com\/wp-content\/uploads\/2025\/09\/instrukcja_montazu_002-575x323.jpg 575w, https:\/\/interiorposter.com\/wp-content\/uploads\/2025\/09\/instrukcja_montazu_002-380x214.jpg 380w, https:\/\/interiorposter.com\/wp-content\/uploads\/2025\/09\/instrukcja_montazu_002-800x450.jpg 800w, https:\/\/interiorposter.com\/wp-content\/uploads\/2025\/09\/instrukcja_montazu_002.jpg 1500w\" sizes=\"auto, (max-width: 1024px) 100vw, 1024px\" \/><\/a><\/p>\n<p>Obrazy v d\u0159ev\u011bn\u00e9m r\u00e1mu dod\u00e1v\u00e1me s h\u00e1\u010dkem, kter\u00fd je t\u0159eba p\u0159ipevnit k r\u00e1mu sv\u00e9pomoc\u00ed. Podle rozm\u011br\u016f obrazu m\u016f\u017ee b\u00fdt sou\u010d\u00e1st\u00ed balen\u00ed jeden nebo dva zatloukac\u00ed z\u00e1v\u011bsy:<\/p>\n<p><a href=\"https:\/\/interiorposter.com\/wp-content\/uploads\/2025\/09\/instrukcja_montazu_003-1024x505.jpg\" data-rel=\"lightbox-image-2\" data-rl_title=\"\" data-rl_caption=\"\" title=\"\"><img loading=\"lazy\" decoding=\"async\" class=\"aligncenter size-large wp-image-63864\" src=\"https:\/\/interiorposter.com\/wp-content\/uploads\/2025\/09\/instrukcja_montazu_003-1024x505.jpg\" alt=\"Wall Art mounting instructions - img 3\" width=\"1024\" height=\"505\" srcset=\"https:\/\/interiorposter.com\/wp-content\/uploads\/2025\/09\/instrukcja_montazu_003-1024x505.jpg 1024w, https:\/\/interiorposter.com\/wp-content\/uploads\/2025\/09\/instrukcja_montazu_003-300x148.jpg 300w, https:\/\/interiorposter.com\/wp-content\/uploads\/2025\/09\/instrukcja_montazu_003-768x379.jpg 768w, https:\/\/interiorposter.com\/wp-content\/uploads\/2025\/09\/instrukcja_montazu_003-1536x758.jpg 1536w, https:\/\/interiorposter.com\/wp-content\/uploads\/2025\/09\/instrukcja_montazu_003-2048x1011.jpg 2048w, https:\/\/interiorposter.com\/wp-content\/uploads\/2025\/09\/instrukcja_montazu_003-1140x563.jpg 1140w, https:\/\/interiorposter.com\/wp-content\/uploads\/2025\/09\/instrukcja_montazu_003-920x454.jpg 920w, https:\/\/interiorposter.com\/wp-content\/uploads\/2025\/09\/instrukcja_montazu_003-575x284.jpg 575w, https:\/\/interiorposter.com\/wp-content\/uploads\/2025\/09\/instrukcja_montazu_003-380x188.jpg 380w, https:\/\/interiorposter.com\/wp-content\/uploads\/2025\/09\/instrukcja_montazu_003-800x395.jpg 800w\" sizes=\"auto, (max-width: 1024px) 100vw, 1024px\" \/><\/a><\/p>\n<p>Pokud m\u00e1 b\u00fdt obraz zav\u011b\u0161en na ze\u010f, je t\u0159eba nejprve zatlouct z\u00e1v\u011bs(y) ze zadn\u00ed strany do horn\u00ed li\u0161ty d\u0159ev\u011bn\u00e9ho r\u00e1mu, pot\u00e9 p\u0159ipevnit \u0161roub nebo h\u0159eb\u00edk do zdi a obraz zav\u011bsit. U men\u0161\u00edch obraz\u016f je pouze jeden z\u00e1v\u011bs, kter\u00fd je t\u0159eba zatlouct ze zadn\u00ed strany p\u0159esn\u011b do st\u0159edu horn\u00ed li\u0161ty r\u00e1mu:<\/p>\n<p><a href=\"https:\/\/interiorposter.com\/wp-content\/uploads\/2025\/09\/instrukcja_montazu_004-1024x746.jpg\" data-rel=\"lightbox-image-3\" data-rl_title=\"\" data-rl_caption=\"\" title=\"\"><img loading=\"lazy\" decoding=\"async\" class=\"aligncenter size-large wp-image-63868\" src=\"https:\/\/interiorposter.com\/wp-content\/uploads\/2025\/09\/instrukcja_montazu_004-1024x746.jpg\" alt=\"Wall Art mounting instructions - img 4\" width=\"1024\" height=\"746\" srcset=\"https:\/\/interiorposter.com\/wp-content\/uploads\/2025\/09\/instrukcja_montazu_004-1024x746.jpg 1024w, https:\/\/interiorposter.com\/wp-content\/uploads\/2025\/09\/instrukcja_montazu_004-300x219.jpg 300w, https:\/\/interiorposter.com\/wp-content\/uploads\/2025\/09\/instrukcja_montazu_004-768x560.jpg 768w, https:\/\/interiorposter.com\/wp-content\/uploads\/2025\/09\/instrukcja_montazu_004-1536x1119.jpg 1536w, https:\/\/interiorposter.com\/wp-content\/uploads\/2025\/09\/instrukcja_montazu_004-2048x1493.jpg 2048w, https:\/\/interiorposter.com\/wp-content\/uploads\/2025\/09\/instrukcja_montazu_004-1140x831.jpg 1140w, https:\/\/interiorposter.com\/wp-content\/uploads\/2025\/09\/instrukcja_montazu_004-920x670.jpg 920w, https:\/\/interiorposter.com\/wp-content\/uploads\/2025\/09\/instrukcja_montazu_004-575x419.jpg 575w, https:\/\/interiorposter.com\/wp-content\/uploads\/2025\/09\/instrukcja_montazu_004-380x277.jpg 380w, https:\/\/interiorposter.com\/wp-content\/uploads\/2025\/09\/instrukcja_montazu_004-800x583.jpg 800w\" sizes=\"auto, (max-width: 1024px) 100vw, 1024px\" \/><\/a><\/p>\n<p>P\u0159ed zatlouk\u00e1n\u00edm z\u00e1v\u011bs\u016f si p\u0159ipravte \u010dist\u00e9 pracovn\u00ed m\u00edsto, abyste obraz nepo\u0161kodili ani neza\u0161pinili:<\/p>\n<p><a href=\"https:\/\/interiorposter.com\/wp-content\/uploads\/2025\/09\/instrukcja_montazu_005-scaled.jpg\" data-rel=\"lightbox-image-4\" data-rl_title=\"\" data-rl_caption=\"\" title=\"\"><img loading=\"lazy\" decoding=\"async\" class=\"aligncenter size-large wp-image-63872\" src=\"https:\/\/interiorposter.com\/wp-content\/uploads\/2025\/09\/instrukcja_montazu_005-768x1024.jpg\" alt=\"Wall Art mounting instructions - img 5\" width=\"768\" height=\"1024\" srcset=\"https:\/\/interiorposter.com\/wp-content\/uploads\/2025\/09\/instrukcja_montazu_005-768x1024.jpg 768w, https:\/\/interiorposter.com\/wp-content\/uploads\/2025\/09\/instrukcja_montazu_005-225x300.jpg 225w, https:\/\/interiorposter.com\/wp-content\/uploads\/2025\/09\/instrukcja_montazu_005-1152x1536.jpg 1152w, https:\/\/interiorposter.com\/wp-content\/uploads\/2025\/09\/instrukcja_montazu_005-1536x2048.jpg 1536w, https:\/\/interiorposter.com\/wp-content\/uploads\/2025\/09\/instrukcja_montazu_005-1140x1520.jpg 1140w, https:\/\/interiorposter.com\/wp-content\/uploads\/2025\/09\/instrukcja_montazu_005-920x1227.jpg 920w, https:\/\/interiorposter.com\/wp-content\/uploads\/2025\/09\/instrukcja_montazu_005-575x767.jpg 575w, https:\/\/interiorposter.com\/wp-content\/uploads\/2025\/09\/instrukcja_montazu_005-380x507.jpg 380w, https:\/\/interiorposter.com\/wp-content\/uploads\/2025\/09\/instrukcja_montazu_005-800x1067.jpg 800w, https:\/\/interiorposter.com\/wp-content\/uploads\/2025\/09\/instrukcja_montazu_005-scaled.jpg 1920w\" sizes=\"auto, (max-width: 768px) 100vw, 768px\" \/><\/a><\/p>\n<p>U v\u011bt\u0161\u00edch obraz\u016f, pokud jsou sou\u010d\u00e1st\u00ed balen\u00ed dva z\u00e1v\u011bsy, je t\u0159eba zm\u011b\u0159it 10 cm od prav\u00e9ho a 10 cm od lev\u00e9ho okraje horn\u00ed li\u0161ty d\u0159ev\u011bn\u00e9ho r\u00e1mu a zatlouct oba z\u00e1v\u011bsy symetricky do stejn\u00e9 linie ze zadn\u00ed strany r\u00e1mu:<\/p>\n<p><a href=\"https:\/\/interiorposter.com\/wp-content\/uploads\/2025\/09\/instrukcja_montazu_006-1024x701.jpg\" data-rel=\"lightbox-image-5\" data-rl_title=\"\" data-rl_caption=\"\" title=\"\"><img loading=\"lazy\" decoding=\"async\" class=\"aligncenter size-large wp-image-63876\" src=\"https:\/\/interiorposter.com\/wp-content\/uploads\/2025\/09\/instrukcja_montazu_006-1024x701.jpg\" alt=\"Wall Art mounting instructions - img 6\" width=\"1024\" height=\"701\" srcset=\"https:\/\/interiorposter.com\/wp-content\/uploads\/2025\/09\/instrukcja_montazu_006-1024x701.jpg 1024w, https:\/\/interiorposter.com\/wp-content\/uploads\/2025\/09\/instrukcja_montazu_006-300x205.jpg 300w, https:\/\/interiorposter.com\/wp-content\/uploads\/2025\/09\/instrukcja_montazu_006-768x526.jpg 768w, https:\/\/interiorposter.com\/wp-content\/uploads\/2025\/09\/instrukcja_montazu_006-1536x1052.jpg 1536w, https:\/\/interiorposter.com\/wp-content\/uploads\/2025\/09\/instrukcja_montazu_006-2048x1402.jpg 2048w, https:\/\/interiorposter.com\/wp-content\/uploads\/2025\/09\/instrukcja_montazu_006-1140x781.jpg 1140w, https:\/\/interiorposter.com\/wp-content\/uploads\/2025\/09\/instrukcja_montazu_006-920x630.jpg 920w, https:\/\/interiorposter.com\/wp-content\/uploads\/2025\/09\/instrukcja_montazu_006-575x394.jpg 575w, https:\/\/interiorposter.com\/wp-content\/uploads\/2025\/09\/instrukcja_montazu_006-380x260.jpg 380w, https:\/\/interiorposter.com\/wp-content\/uploads\/2025\/09\/instrukcja_montazu_006-800x548.jpg 800w\" sizes=\"auto, (max-width: 1024px) 100vw, 1024px\" \/><\/a><\/p>\n<p>Pokud se z\u00e1v\u011bs nepoda\u0159ilo zatlouct rovn\u011b a pevn\u011b, nem\u011bl by se znovu zatloukat do stejn\u00e9ho m\u00edsta (hroz\u00ed spadnut\u00ed obrazu). V takov\u00e9m p\u0159\u00edpad\u011b je t\u0159eba z\u00e1v\u011bs zatlouct na jin\u00e9m m\u00edst\u011b, posunut\u00e9m o n\u011bkolik milimetr\u016f od p\u016fvodn\u00edho:<\/p>\n<p><a href=\"https:\/\/interiorposter.com\/wp-content\/uploads\/2025\/09\/instrukcja_montazu_007-1024x896.jpg\" data-rel=\"lightbox-image-6\" data-rl_title=\"\" data-rl_caption=\"\" title=\"\"><img loading=\"lazy\" decoding=\"async\" class=\"aligncenter size-large wp-image-63880\" src=\"https:\/\/interiorposter.com\/wp-content\/uploads\/2025\/09\/instrukcja_montazu_007-1024x896.jpg\" alt=\"Wall Art mounting instructions - img 7\" width=\"1024\" height=\"896\" srcset=\"https:\/\/interiorposter.com\/wp-content\/uploads\/2025\/09\/instrukcja_montazu_007-1024x896.jpg 1024w, https:\/\/interiorposter.com\/wp-content\/uploads\/2025\/09\/instrukcja_montazu_007-300x262.jpg 300w, https:\/\/interiorposter.com\/wp-content\/uploads\/2025\/09\/instrukcja_montazu_007-768x672.jpg 768w, https:\/\/interiorposter.com\/wp-content\/uploads\/2025\/09\/instrukcja_montazu_007-1140x997.jpg 1140w, https:\/\/interiorposter.com\/wp-content\/uploads\/2025\/09\/instrukcja_montazu_007-920x805.jpg 920w, https:\/\/interiorposter.com\/wp-content\/uploads\/2025\/09\/instrukcja_montazu_007-575x503.jpg 575w, https:\/\/interiorposter.com\/wp-content\/uploads\/2025\/09\/instrukcja_montazu_007-380x332.jpg 380w, https:\/\/interiorposter.com\/wp-content\/uploads\/2025\/09\/instrukcja_montazu_007-800x700.jpg 800w, https:\/\/interiorposter.com\/wp-content\/uploads\/2025\/09\/instrukcja_montazu_007.jpg 1500w\" sizes=\"auto, (max-width: 1024px) 100vw, 1024px\" \/><\/a><\/p>\n<p>Pro zav\u011b\u0161en\u00ed obrazu na ze\u010f je t\u0159eba p\u0159esn\u011b zm\u011b\u0159it m\u00edsto, kde chcete obraz zav\u011bsit, vyvrtat otvor(y) ve zdi a p\u0159ipevnit \u0161roub* (jeden nebo dva, podle po\u010dtu z\u00e1v\u011bs\u016f na obraze) nebo h\u0159eb\u00edk*.<\/p>\n<p>* &#8211; tento prvek nen\u00ed sou\u010d\u00e1st\u00ed balen\u00ed obrazu.<\/p>\n<p><a href=\"https:\/\/interiorposter.com\/wp-content\/uploads\/2025\/09\/instrukcja_montazu_008-1024x506.jpg\" data-rel=\"lightbox-image-7\" data-rl_title=\"\" data-rl_caption=\"\" title=\"\"><img loading=\"lazy\" decoding=\"async\" class=\"aligncenter size-large wp-image-63884\" src=\"https:\/\/interiorposter.com\/wp-content\/uploads\/2025\/09\/instrukcja_montazu_008-1024x506.jpg\" alt=\"Wall Art mounting instructions - img 8\" width=\"1024\" height=\"506\" srcset=\"https:\/\/interiorposter.com\/wp-content\/uploads\/2025\/09\/instrukcja_montazu_008-1024x506.jpg 1024w, https:\/\/interiorposter.com\/wp-content\/uploads\/2025\/09\/instrukcja_montazu_008-300x148.jpg 300w, https:\/\/interiorposter.com\/wp-content\/uploads\/2025\/09\/instrukcja_montazu_008-768x380.jpg 768w, https:\/\/interiorposter.com\/wp-content\/uploads\/2025\/09\/instrukcja_montazu_008-1536x759.jpg 1536w, https:\/\/interiorposter.com\/wp-content\/uploads\/2025\/09\/instrukcja_montazu_008-1140x564.jpg 1140w, https:\/\/interiorposter.com\/wp-content\/uploads\/2025\/09\/instrukcja_montazu_008-920x455.jpg 920w, https:\/\/interiorposter.com\/wp-content\/uploads\/2025\/09\/instrukcja_montazu_008-575x284.jpg 575w, https:\/\/interiorposter.com\/wp-content\/uploads\/2025\/09\/instrukcja_montazu_008-380x188.jpg 380w, https:\/\/interiorposter.com\/wp-content\/uploads\/2025\/09\/instrukcja_montazu_008-800x395.jpg 800w, https:\/\/interiorposter.com\/wp-content\/uploads\/2025\/09\/instrukcja_montazu_008.jpg 1946w\" sizes=\"auto, (max-width: 1024px) 100vw, 1024px\" \/><\/a><\/p>\n","protected":false},"excerpt":{"rendered":"<p>V z\u00e1vislosti na typu obrazu (obraz nebo plak\u00e1t, typ r\u00e1mu) a rozm\u011brech existuje n\u011bkolik mo\u017enost\u00ed, jak obraz p\u0159ipevnit na ze\u010f. Pozor! P\u0159i mont\u00e1\u017en\u00edch prac\u00edch dodr\u017eujte pros\u00edm z\u00e1sady bezpe\u010dnosti pr\u00e1ce. Obchod [&hellip;]<\/p>\n","protected":false},"author":1,"featured_media":0,"parent":0,"menu_order":0,"comment_status":"closed","ping_status":"closed","template":"","meta":{"footnotes":""},"class_list":["post-1069","page","type-page","status-publish","hentry"],"aioseo_notices":[],"_links":{"self":[{"href":"https:\/\/interiorposter.com\/cs\/wp-json\/wp\/v2\/pages\/1069","targetHints":{"allow":["GET"]}}],"collection":[{"href":"https:\/\/interiorposter.com\/cs\/wp-json\/wp\/v2\/pages"}],"about":[{"href":"https:\/\/interiorposter.com\/cs\/wp-json\/wp\/v2\/types\/page"}],"author":[{"embeddable":true,"href":"https:\/\/interiorposter.com\/cs\/wp-json\/wp\/v2\/users\/1"}],"replies":[{"embeddable":true,"href":"https:\/\/interiorposter.com\/cs\/wp-json\/wp\/v2\/comments?post=1069"}],"version-history":[{"count":0,"href":"https:\/\/interiorposter.com\/cs\/wp-json\/wp\/v2\/pages\/1069\/revisions"}],"wp:attachment":[{"href":"https:\/\/interiorposter.com\/cs\/wp-json\/wp\/v2\/media?parent=1069"}],"curies":[{"name":"wp","href":"https:\/\/api.w.org\/{rel}","templated":true}]}}